{"id":14433,"date":"2024-03-13T10:28:01","date_gmt":"2024-03-13T09:28:01","guid":{"rendered":"https:\/\/www.esla.eu\/productos\/unkategorisiert\/6024-scherenleiter-mit-doppeltem-zugang-und-breiter-stufe-en131-1-2\/"},"modified":"2026-01-31T08:24:43","modified_gmt":"2026-01-31T07:24:43","slug":"6024-scherenleiter-mit-doppeltem-zugang-und-breiter-stufe-en131-1-2","status":"publish","type":"product","link":"https:\/\/www.esla.eu\/de\/productos\/tragbare-leitern\/6024-scherenleiter-mit-doppeltem-zugang-und-breiter-stufe-en131-1-2\/","title":{"rendered":"6024 \u2013 Scherenleiter mit doppeltem Zugang und breiter Stufe EN131.1-2"},"content":{"rendered":"<p>Besondere Merkmale<\/p>\n<p>Ungef\u00e4hre maximale Arbeitsh\u00f6he (m): 3,33<\/p>\n<p>Neigung \u00b0: 68<\/p>\n<p>Sprosse (mm): 80<\/p>\n<p>Sprossenabstand (mm): 270<\/p>\n<p>Weitere Details<\/p>\n<p>Der D-f\u00f6rmige Holm bietet ein viel gr\u00f6\u00dferes Sicherheitsgef\u00fchl beim Arbeiten auf der Leiter sowie eine 4-fach h\u00f6here Torsionsfestigkeit der Holme.<\/p>\n<p>Wartungsfreies Scharnierelement (Schmutz kann nicht haften).<\/p>\n<p>Extra gro\u00dfe Au\u00dfenstollen, an den Stollen vernietet.<\/p>\n","protected":false},"excerpt":{"rendered":"<p>Besondere Merkmale Ungef\u00e4hre maximale Arbeitsh\u00f6he (m): 3,33 Neigung \u00b0: 68 Sprosse (mm): 80 Sprossenabstand (mm): 270 Weitere Details Der D-f\u00f6rmige Holm bietet ein viel gr\u00f6\u00dferes Sicherheitsgef\u00fchl beim Arbeiten auf der Leiter sowie eine 4-fach h\u00f6here Torsionsfestigkeit der Holme. Wartungsfreies Scharnierelement (Schmutz kann nicht haften). Extra gro\u00dfe Au\u00dfenstollen, an den Stollen vernietet.<\/p>\n","protected":false},"featured_media":14437,"template":"","meta":{"inline_featured_image":false},"product_brand":[],"product_cat":[480],"product_tag":[],"class_list":{"0":"post-14433","1":"product","2":"type-product","3":"status-publish","4":"has-post-thumbnail","6":"product_cat-tragbare-leitern","8":"first","9":"instock","10":"shipping-taxable","11":"purchasable","12":"product-type-simple"},"_links":{"self":[{"href":"https:\/\/www.esla.eu\/de\/wp-json\/wp\/v2\/product\/14433","targetHints":{"allow":["GET"]}}],"collection":[{"href":"https:\/\/www.esla.eu\/de\/wp-json\/wp\/v2\/product"}],"about":[{"href":"https:\/\/www.esla.eu\/de\/wp-json\/wp\/v2\/types\/product"}],"wp:featuredmedia":[{"embeddable":true,"href":"https:\/\/www.esla.eu\/de\/wp-json\/wp\/v2\/media\/14437"}],"wp:attachment":[{"href":"https:\/\/www.esla.eu\/de\/wp-json\/wp\/v2\/media?parent=14433"}],"wp:term":[{"taxonomy":"product_brand","embeddable":true,"href":"https:\/\/www.esla.eu\/de\/wp-json\/wp\/v2\/product_brand?post=14433"},{"taxonomy":"product_cat","embeddable":true,"href":"https:\/\/www.esla.eu\/de\/wp-json\/wp\/v2\/product_cat?post=14433"},{"taxonomy":"product_tag","embeddable":true,"href":"https:\/\/www.esla.eu\/de\/wp-json\/wp\/v2\/product_tag?post=14433"}],"curies":[{"name":"wp","href":"https:\/\/api.w.org\/{rel}","templated":true}]}}