{"id":14441,"date":"2024-03-13T09:47:36","date_gmt":"2024-03-13T08:47:36","guid":{"rendered":"https:\/\/www.esla.eu\/productos\/unkategorisiert\/6011-tragbare-leiter-1-teilig-en131-1-2\/"},"modified":"2026-01-31T08:30:29","modified_gmt":"2026-01-31T07:30:29","slug":"6011-tragbare-leiter-1-teilig-en131-1-2","status":"publish","type":"product","link":"https:\/\/www.esla.eu\/de\/productos\/tragbare-leitern\/6011-tragbare-leiter-1-teilig-en131-1-2\/","title":{"rendered":"6011 &#8211; Tragbare Leiter 1-teilig EN131.1-2"},"content":{"rendered":"<p><strong>Besondere Merkmale<\/strong><\/p>\n<p>Ungef\u00e4hre maximale Arbeitsh\u00f6he (m): 7<\/p>\n<p>Neigung \u00b0: 75<\/p>\n<p>Sprosse (mm): 30<\/p>\n<p>Breite (mm): 425<\/p>\n<p>Sprossenabstand (mm): 280<\/p>\n<p><strong>Weitere Details<\/strong><\/p>\n<p>Ergonomische, stranggepresste Seitenholme.<\/p>\n<p>Verschraubte F\u00fc\u00dfe.<\/p>\n<p>Verst\u00e4rkungsstreben der ersten Stufe.<\/p>\n<p>Ab 12 Sprossen mit Stabilisator.<\/p>\n","protected":false},"excerpt":{"rendered":"<p>Besondere Merkmale Ungef\u00e4hre maximale Arbeitsh\u00f6he (m): 7 Neigung \u00b0: 75 Sprosse (mm): 30 Breite (mm): 425 Sprossenabstand (mm): 280 Weitere Details Ergonomische, stranggepresste Seitenholme. Verschraubte F\u00fc\u00dfe. Verst\u00e4rkungsstreben der ersten Stufe. Ab 12 Sprossen mit Stabilisator.<\/p>\n","protected":false},"featured_media":14444,"template":"","meta":{"inline_featured_image":false},"product_brand":[],"product_cat":[480],"product_tag":[],"class_list":{"0":"post-14441","1":"product","2":"type-product","3":"status-publish","4":"has-post-thumbnail","6":"product_cat-tragbare-leitern","8":"first","9":"instock","10":"shipping-taxable","11":"purchasable","12":"product-type-simple"},"_links":{"self":[{"href":"https:\/\/www.esla.eu\/de\/wp-json\/wp\/v2\/product\/14441","targetHints":{"allow":["GET"]}}],"collection":[{"href":"https:\/\/www.esla.eu\/de\/wp-json\/wp\/v2\/product"}],"about":[{"href":"https:\/\/www.esla.eu\/de\/wp-json\/wp\/v2\/types\/product"}],"wp:featuredmedia":[{"embeddable":true,"href":"https:\/\/www.esla.eu\/de\/wp-json\/wp\/v2\/media\/14444"}],"wp:attachment":[{"href":"https:\/\/www.esla.eu\/de\/wp-json\/wp\/v2\/media?parent=14441"}],"wp:term":[{"taxonomy":"product_brand","embeddable":true,"href":"https:\/\/www.esla.eu\/de\/wp-json\/wp\/v2\/product_brand?post=14441"},{"taxonomy":"product_cat","embeddable":true,"href":"https:\/\/www.esla.eu\/de\/wp-json\/wp\/v2\/product_cat?post=14441"},{"taxonomy":"product_tag","embeddable":true,"href":"https:\/\/www.esla.eu\/de\/wp-json\/wp\/v2\/product_tag?post=14441"}],"curies":[{"name":"wp","href":"https:\/\/api.w.org\/{rel}","templated":true}]}}