{"id":14448,"date":"2024-03-13T10:14:14","date_gmt":"2024-03-13T09:14:14","guid":{"rendered":"https:\/\/www.esla.eu\/productos\/unkategorisiert\/6023-doppelt-begehbare-scherenleiter-en131-1-2\/"},"modified":"2026-01-31T08:26:24","modified_gmt":"2026-01-31T07:26:24","slug":"6023-doppelt-begehbare-scherenleiter-en131-1-2","status":"publish","type":"product","link":"https:\/\/www.esla.eu\/de\/productos\/tragbare-leitern\/6023-doppelt-begehbare-scherenleiter-en131-1-2\/","title":{"rendered":"6023 \u2013 Doppelt begehbare Scherenleiter EN131.1-2"},"content":{"rendered":"<p><strong>Besondere Merkmale<\/strong><\/p>\n<p>Ungef\u00e4hre maximale Arbeitsh\u00f6he (m): 6<\/p>\n<p>Neigung \u00b0: 75<\/p>\n<p>Sprosse (mm): 30<\/p>\n<p>Sprossenabstand (mm): 270<\/p>\n<p><strong>Weitere Details<\/strong><\/p>\n<p>Ergonomische, stranggepresste Seitenholme.<\/p>\n<p>30-mm-\u00d6ffnungsband.<\/p>\n<p>Verst\u00e4rkungsstreben der ersten Stufe.<\/p>\n<p>Abgewinkelte F\u00fc\u00dfe, die mehr Auflagefl\u00e4che bieten.<\/p>\n","protected":false},"excerpt":{"rendered":"<p>Besondere Merkmale Ungef\u00e4hre maximale Arbeitsh\u00f6he (m): 6 Neigung \u00b0: 75 Sprosse (mm): 30 Sprossenabstand (mm): 270 Weitere Details Ergonomische, stranggepresste Seitenholme. 30-mm-\u00d6ffnungsband. Verst\u00e4rkungsstreben der ersten Stufe. Abgewinkelte F\u00fc\u00dfe, die mehr Auflagefl\u00e4che bieten.<\/p>\n","protected":false},"featured_media":14450,"template":"","meta":{"inline_featured_image":false},"product_brand":[],"product_cat":[480],"product_tag":[],"class_list":{"0":"post-14448","1":"product","2":"type-product","3":"status-publish","4":"has-post-thumbnail","6":"product_cat-tragbare-leitern","8":"first","9":"instock","10":"shipping-taxable","11":"purchasable","12":"product-type-simple"},"_links":{"self":[{"href":"https:\/\/www.esla.eu\/de\/wp-json\/wp\/v2\/product\/14448","targetHints":{"allow":["GET"]}}],"collection":[{"href":"https:\/\/www.esla.eu\/de\/wp-json\/wp\/v2\/product"}],"about":[{"href":"https:\/\/www.esla.eu\/de\/wp-json\/wp\/v2\/types\/product"}],"wp:featuredmedia":[{"embeddable":true,"href":"https:\/\/www.esla.eu\/de\/wp-json\/wp\/v2\/media\/14450"}],"wp:attachment":[{"href":"https:\/\/www.esla.eu\/de\/wp-json\/wp\/v2\/media?parent=14448"}],"wp:term":[{"taxonomy":"product_brand","embeddable":true,"href":"https:\/\/www.esla.eu\/de\/wp-json\/wp\/v2\/product_brand?post=14448"},{"taxonomy":"product_cat","embeddable":true,"href":"https:\/\/www.esla.eu\/de\/wp-json\/wp\/v2\/product_cat?post=14448"},{"taxonomy":"product_tag","embeddable":true,"href":"https:\/\/www.esla.eu\/de\/wp-json\/wp\/v2\/product_tag?post=14448"}],"curies":[{"name":"wp","href":"https:\/\/api.w.org\/{rel}","templated":true}]}}