{"id":14454,"date":"2024-03-13T10:40:10","date_gmt":"2024-03-13T09:40:10","guid":{"rendered":"https:\/\/www.esla.eu\/productos\/unkategorisiert\/scherenleiter-mit-plattform-en131-1-2\/"},"modified":"2026-01-31T08:23:58","modified_gmt":"2026-01-31T07:23:58","slug":"scherenleiter-mit-plattform-en131-1-2","status":"publish","type":"product","link":"https:\/\/www.esla.eu\/de\/productos\/tragbare-leitern\/scherenleiter-mit-plattform-en131-1-2\/","title":{"rendered":"Scherenleiter mit Plattform EN131.1-2"},"content":{"rendered":"<p><strong>Besondere Merkmale<\/strong><\/p>\n<p>Ungef\u00e4hre maximale Arbeitsh\u00f6he (m): 3,80<\/p>\n<p>Neigung \u00b0: 68<\/p>\n<p>Sprosse (mm): 80<\/p>\n<p>Sprossenabstand (mm): 250<\/p>\n<p><strong>Weitere Details<\/strong><\/p>\n<p>Der D-f\u00f6rmige Holm bietet ein deutlich h\u00f6heres Sicherheitsgef\u00fchl beim Arbeiten auf der Leiter sowie eine 4-fach h\u00f6here Torsionsfestigkeit der Holme.<\/p>\n<p>Extra gro\u00dfe Au\u00dfenstollen, die mit der Traverse vernietet sind.<\/p>\n<p>Plattform 250&#215;250.<\/p>\n<p>Obere Ablageschale<\/p>\n","protected":false},"excerpt":{"rendered":"<p>Besondere Merkmale Ungef\u00e4hre maximale Arbeitsh\u00f6he (m): 3,80 Neigung \u00b0: 68 Sprosse (mm): 80 Sprossenabstand (mm): 250 Weitere Details Der D-f\u00f6rmige Holm bietet ein deutlich h\u00f6heres Sicherheitsgef\u00fchl beim Arbeiten auf der Leiter sowie eine 4-fach h\u00f6here Torsionsfestigkeit der Holme. Extra gro\u00dfe Au\u00dfenstollen, die mit der Traverse vernietet sind. Plattform 250&#215;250. Obere Ablageschale<\/p>\n","protected":false},"featured_media":14462,"template":"","meta":{"inline_featured_image":false},"product_brand":[],"product_cat":[480],"product_tag":[],"class_list":{"0":"post-14454","1":"product","2":"type-product","3":"status-publish","4":"has-post-thumbnail","6":"product_cat-tragbare-leitern","8":"first","9":"instock","10":"shipping-taxable","11":"purchasable","12":"product-type-simple"},"_links":{"self":[{"href":"https:\/\/www.esla.eu\/de\/wp-json\/wp\/v2\/product\/14454","targetHints":{"allow":["GET"]}}],"collection":[{"href":"https:\/\/www.esla.eu\/de\/wp-json\/wp\/v2\/product"}],"about":[{"href":"https:\/\/www.esla.eu\/de\/wp-json\/wp\/v2\/types\/product"}],"wp:featuredmedia":[{"embeddable":true,"href":"https:\/\/www.esla.eu\/de\/wp-json\/wp\/v2\/media\/14462"}],"wp:attachment":[{"href":"https:\/\/www.esla.eu\/de\/wp-json\/wp\/v2\/media?parent=14454"}],"wp:term":[{"taxonomy":"product_brand","embeddable":true,"href":"https:\/\/www.esla.eu\/de\/wp-json\/wp\/v2\/product_brand?post=14454"},{"taxonomy":"product_cat","embeddable":true,"href":"https:\/\/www.esla.eu\/de\/wp-json\/wp\/v2\/product_cat?post=14454"},{"taxonomy":"product_tag","embeddable":true,"href":"https:\/\/www.esla.eu\/de\/wp-json\/wp\/v2\/product_tag?post=14454"}],"curies":[{"name":"wp","href":"https:\/\/api.w.org\/{rel}","templated":true}]}}