{"id":14466,"date":"2024-03-13T09:00:40","date_gmt":"2024-03-13T08:00:40","guid":{"rendered":"https:\/\/www.esla.eu\/productos\/unkategorisiert\/4051-ausziehbare-leiter-2-mechanische-teile-en131-1-2\/"},"modified":"2026-01-31T08:33:05","modified_gmt":"2026-01-31T07:33:05","slug":"4051-ausziehbare-leiter-2-mechanische-teile-en131-1-2","status":"publish","type":"product","link":"https:\/\/www.esla.eu\/de\/productos\/tragbare-leitern\/4051-ausziehbare-leiter-2-mechanische-teile-en131-1-2\/","title":{"rendered":"4051 \u2013 Ausziehbare Leiter, 2 mechanische Teile, EN131.1-2"},"content":{"rendered":"<p><strong>Besondere Merkmale<\/strong><\/p>\n<p>Ungef\u00e4hre maximale Arbeitsh\u00f6he (m): 11<\/p>\n<p>Neigung \u00b0: 75<\/p>\n<p>Sprosse (mm): 30<\/p>\n<p>Breite (mm): 355 \/ 425<\/p>\n<p>Sprossenabstand (mm): 280<\/p>\n<p><strong>Weitere Details<\/strong><\/p>\n<p>Ergonomische, stranggepresste Seitenholme.<\/p>\n<p>F\u00fchrungen aus Stahl.<\/p>\n<p>Eingebettete F\u00fc\u00dfe.<\/p>\n<p>R\u00e4der am oberen Ende sch\u00fctzen die Leiter an der Auflagefl\u00e4che vor Reibung.<\/p>\n","protected":false},"excerpt":{"rendered":"<p>Besondere Merkmale Ungef\u00e4hre maximale Arbeitsh\u00f6he (m): 11 Neigung \u00b0: 75 Sprosse (mm): 30 Breite (mm): 355 \/ 425 Sprossenabstand (mm): 280 Weitere Details Ergonomische, stranggepresste Seitenholme. F\u00fchrungen aus Stahl. Eingebettete F\u00fc\u00dfe. R\u00e4der am oberen Ende sch\u00fctzen die Leiter an der Auflagefl\u00e4che vor Reibung.<\/p>\n","protected":false},"featured_media":14471,"template":"","meta":{"inline_featured_image":false},"product_brand":[],"product_cat":[480],"product_tag":[],"class_list":{"0":"post-14466","1":"product","2":"type-product","3":"status-publish","4":"has-post-thumbnail","6":"product_cat-tragbare-leitern","8":"first","9":"instock","10":"shipping-taxable","11":"purchasable","12":"product-type-simple"},"_links":{"self":[{"href":"https:\/\/www.esla.eu\/de\/wp-json\/wp\/v2\/product\/14466","targetHints":{"allow":["GET"]}}],"collection":[{"href":"https:\/\/www.esla.eu\/de\/wp-json\/wp\/v2\/product"}],"about":[{"href":"https:\/\/www.esla.eu\/de\/wp-json\/wp\/v2\/types\/product"}],"wp:featuredmedia":[{"embeddable":true,"href":"https:\/\/www.esla.eu\/de\/wp-json\/wp\/v2\/media\/14471"}],"wp:attachment":[{"href":"https:\/\/www.esla.eu\/de\/wp-json\/wp\/v2\/media?parent=14466"}],"wp:term":[{"taxonomy":"product_brand","embeddable":true,"href":"https:\/\/www.esla.eu\/de\/wp-json\/wp\/v2\/product_brand?post=14466"},{"taxonomy":"product_cat","embeddable":true,"href":"https:\/\/www.esla.eu\/de\/wp-json\/wp\/v2\/product_cat?post=14466"},{"taxonomy":"product_tag","embeddable":true,"href":"https:\/\/www.esla.eu\/de\/wp-json\/wp\/v2\/product_tag?post=14466"}],"curies":[{"name":"wp","href":"https:\/\/api.w.org\/{rel}","templated":true}]}}