{"id":14481,"date":"2024-03-12T16:17:19","date_gmt":"2024-03-12T15:17:19","guid":{"rendered":"https:\/\/www.esla.eu\/productos\/unkategorisiert\/4043-konvertierbare-gelenk-leiter-aus-aluminium-en131-1-2\/"},"modified":"2026-01-31T08:54:44","modified_gmt":"2026-01-31T07:54:44","slug":"4043-konvertierbare-gelenk-leiter-aus-aluminium-en131-1-2","status":"publish","type":"product","link":"https:\/\/www.esla.eu\/de\/productos\/tragbare-leitern\/4043-konvertierbare-gelenk-leiter-aus-aluminium-en131-1-2\/","title":{"rendered":"4043 &#8211; Konvertierbare Gelenk-Leiter aus Aluminium EN131.1-2"},"content":{"rendered":"<p><strong>Besondere Merkmale<\/strong><\/p>\n<p>Ungef\u00e4hre maximale Arbeitsh\u00f6he (m): 6,7 gest\u00fctzt \/ 4 ungest\u00fctzt<\/p>\n<p>Neigung \u00b0: 75<\/p>\n<p>Sprosse (mm): 30<\/p>\n<p>Sprossenabstand (mm): 280<\/p>\n<p><strong>Weitere Details<\/strong><\/p>\n<p>Ergonomische, stranggepresste Seitenholme.<\/p>\n<p>Platzsparend, leicht zu transportieren.<\/p>\n<p>6 Gelenke.<\/p>\n<p>Doppelter Stabilisator.<\/p>\n","protected":false},"excerpt":{"rendered":"<p>Besondere Merkmale Ungef\u00e4hre maximale Arbeitsh\u00f6he (m): 6,7 gest\u00fctzt \/ 4 ungest\u00fctzt Neigung \u00b0: 75 Sprosse (mm): 30 Sprossenabstand (mm): 280 Weitere Details Ergonomische, stranggepresste Seitenholme. Platzsparend, leicht zu transportieren. 6 Gelenke. Doppelter Stabilisator.<\/p>\n","protected":false},"featured_media":14483,"template":"","meta":{"inline_featured_image":false},"product_brand":[],"product_cat":[480],"product_tag":[],"class_list":{"0":"post-14481","1":"product","2":"type-product","3":"status-publish","4":"has-post-thumbnail","6":"product_cat-tragbare-leitern","8":"first","9":"instock","10":"shipping-taxable","11":"purchasable","12":"product-type-simple"},"_links":{"self":[{"href":"https:\/\/www.esla.eu\/de\/wp-json\/wp\/v2\/product\/14481","targetHints":{"allow":["GET"]}}],"collection":[{"href":"https:\/\/www.esla.eu\/de\/wp-json\/wp\/v2\/product"}],"about":[{"href":"https:\/\/www.esla.eu\/de\/wp-json\/wp\/v2\/types\/product"}],"wp:featuredmedia":[{"embeddable":true,"href":"https:\/\/www.esla.eu\/de\/wp-json\/wp\/v2\/media\/14483"}],"wp:attachment":[{"href":"https:\/\/www.esla.eu\/de\/wp-json\/wp\/v2\/media?parent=14481"}],"wp:term":[{"taxonomy":"product_brand","embeddable":true,"href":"https:\/\/www.esla.eu\/de\/wp-json\/wp\/v2\/product_brand?post=14481"},{"taxonomy":"product_cat","embeddable":true,"href":"https:\/\/www.esla.eu\/de\/wp-json\/wp\/v2\/product_cat?post=14481"},{"taxonomy":"product_tag","embeddable":true,"href":"https:\/\/www.esla.eu\/de\/wp-json\/wp\/v2\/product_tag?post=14481"}],"curies":[{"name":"wp","href":"https:\/\/api.w.org\/{rel}","templated":true}]}}