{"id":14487,"date":"2024-03-12T16:48:03","date_gmt":"2024-03-12T15:48:03","guid":{"rendered":"https:\/\/www.esla.eu\/productos\/unkategorisiert\/4047-aluminium-mehrzweckleiter-3-teilig-en131-1-2\/"},"modified":"2026-01-31T08:51:48","modified_gmt":"2026-01-31T07:51:48","slug":"4047-aluminium-mehrzweckleiter-3-teilig-en131-1-2","status":"publish","type":"product","link":"https:\/\/www.esla.eu\/de\/productos\/tragbare-leitern\/4047-aluminium-mehrzweckleiter-3-teilig-en131-1-2\/","title":{"rendered":"4047 &#8211; Aluminium-Mehrzweckleiter 3-teilig EN131.1-2"},"content":{"rendered":"<p><strong>Besondere Merkmale<\/strong><\/p>\n<p>Ungef\u00e4hre maximale Arbeitsh\u00f6he (m): 10,5 gest\u00fctzt \/ 7,5 ungest\u00fctzt<\/p>\n<p>Neigung \u00b0: 75<\/p>\n<p>Sprosse (mm): 30<\/p>\n<p>Breite (mm): 355 \/ 425 \/ 490 (950-1065)<\/p>\n<p>Sprossenabstand (mm): 280<\/p>\n<p><strong>Weitere Details<\/strong><\/p>\n<p>Ergonomische, stranggepresste Seitenholme.<\/p>\n<p>F\u00fchrungen aus Stahl.<\/p>\n<p>Gerader Stabilisator<\/p>\n","protected":false},"excerpt":{"rendered":"<p>Besondere Merkmale Ungef\u00e4hre maximale Arbeitsh\u00f6he (m): 10,5 gest\u00fctzt \/ 7,5 ungest\u00fctzt Neigung \u00b0: 75 Sprosse (mm): 30 Breite (mm): 355 \/ 425 \/ 490 (950-1065) Sprossenabstand (mm): 280 Weitere Details Ergonomische, stranggepresste Seitenholme. F\u00fchrungen aus Stahl. Gerader Stabilisator<\/p>\n","protected":false},"featured_media":14489,"template":"","meta":{"inline_featured_image":false},"product_brand":[],"product_cat":[480],"product_tag":[],"class_list":{"0":"post-14487","1":"product","2":"type-product","3":"status-publish","4":"has-post-thumbnail","6":"product_cat-tragbare-leitern","8":"first","9":"instock","10":"shipping-taxable","11":"purchasable","12":"product-type-simple"},"_links":{"self":[{"href":"https:\/\/www.esla.eu\/de\/wp-json\/wp\/v2\/product\/14487","targetHints":{"allow":["GET"]}}],"collection":[{"href":"https:\/\/www.esla.eu\/de\/wp-json\/wp\/v2\/product"}],"about":[{"href":"https:\/\/www.esla.eu\/de\/wp-json\/wp\/v2\/types\/product"}],"wp:featuredmedia":[{"embeddable":true,"href":"https:\/\/www.esla.eu\/de\/wp-json\/wp\/v2\/media\/14489"}],"wp:attachment":[{"href":"https:\/\/www.esla.eu\/de\/wp-json\/wp\/v2\/media?parent=14487"}],"wp:term":[{"taxonomy":"product_brand","embeddable":true,"href":"https:\/\/www.esla.eu\/de\/wp-json\/wp\/v2\/product_brand?post=14487"},{"taxonomy":"product_cat","embeddable":true,"href":"https:\/\/www.esla.eu\/de\/wp-json\/wp\/v2\/product_cat?post=14487"},{"taxonomy":"product_tag","embeddable":true,"href":"https:\/\/www.esla.eu\/de\/wp-json\/wp\/v2\/product_tag?post=14487"}],"curies":[{"name":"wp","href":"https:\/\/api.w.org\/{rel}","templated":true}]}}