{"id":14514,"date":"2024-03-12T16:25:06","date_gmt":"2024-03-12T15:25:06","guid":{"rendered":"https:\/\/www.esla.eu\/productos\/unkategorisiert\/4045-aluminiumleiter-2-teilig-en131-1-2\/"},"modified":"2026-01-31T08:53:39","modified_gmt":"2026-01-31T07:53:39","slug":"4045-aluminiumleiter-2-teilig-en131-1-2","status":"publish","type":"product","link":"https:\/\/www.esla.eu\/de\/productos\/tragbare-leitern\/4045-aluminiumleiter-2-teilig-en131-1-2\/","title":{"rendered":"4045 \u2013 Aluminiumleiter, 2-teilig, EN131.1-2"},"content":{"rendered":"<p><strong>Besondere Merkmale<\/strong><\/p>\n<p>Ungef\u00e4hre maximale Arbeitsh\u00f6he (m): 7 gest\u00fctzt \/ 4,5 ungest\u00fctzt<\/p>\n<p>Neigung \u00b0: 75<\/p>\n<p>Sprosse (mm): 30<\/p>\n<p>Breite (mm): 355 \/ 425 (715\u2013910)<\/p>\n<p>Sprossenabstand (mm): 280<\/p>\n<p><strong>Weitere Details<\/strong><\/p>\n<p>Ergonomische, stranggepresste Seitenholme.<\/p>\n<p>F\u00fchrungen aus Stahl.<\/p>\n<p>Gerader Stabilisator.<\/p>\n","protected":false},"excerpt":{"rendered":"<p>Besondere Merkmale Ungef\u00e4hre maximale Arbeitsh\u00f6he (m): 7 gest\u00fctzt \/ 4,5 ungest\u00fctzt Neigung \u00b0: 75 Sprosse (mm): 30 Breite (mm): 355 \/ 425 (715\u2013910) Sprossenabstand (mm): 280 Weitere Details Ergonomische, stranggepresste Seitenholme. F\u00fchrungen aus Stahl. Gerader Stabilisator.<\/p>\n","protected":false},"featured_media":14516,"template":"","meta":{"inline_featured_image":false},"product_brand":[],"product_cat":[480],"product_tag":[],"class_list":{"0":"post-14514","1":"product","2":"type-product","3":"status-publish","4":"has-post-thumbnail","6":"product_cat-tragbare-leitern","8":"first","9":"instock","10":"shipping-taxable","11":"purchasable","12":"product-type-simple"},"_links":{"self":[{"href":"https:\/\/www.esla.eu\/de\/wp-json\/wp\/v2\/product\/14514","targetHints":{"allow":["GET"]}}],"collection":[{"href":"https:\/\/www.esla.eu\/de\/wp-json\/wp\/v2\/product"}],"about":[{"href":"https:\/\/www.esla.eu\/de\/wp-json\/wp\/v2\/types\/product"}],"wp:featuredmedia":[{"embeddable":true,"href":"https:\/\/www.esla.eu\/de\/wp-json\/wp\/v2\/media\/14516"}],"wp:attachment":[{"href":"https:\/\/www.esla.eu\/de\/wp-json\/wp\/v2\/media?parent=14514"}],"wp:term":[{"taxonomy":"product_brand","embeddable":true,"href":"https:\/\/www.esla.eu\/de\/wp-json\/wp\/v2\/product_brand?post=14514"},{"taxonomy":"product_cat","embeddable":true,"href":"https:\/\/www.esla.eu\/de\/wp-json\/wp\/v2\/product_cat?post=14514"},{"taxonomy":"product_tag","embeddable":true,"href":"https:\/\/www.esla.eu\/de\/wp-json\/wp\/v2\/product_tag?post=14514"}],"curies":[{"name":"wp","href":"https:\/\/api.w.org\/{rel}","templated":true}]}}