{"id":14540,"date":"2024-03-05T11:03:39","date_gmt":"2024-03-05T10:03:39","guid":{"rendered":"https:\/\/www.esla.eu\/productos\/unkategorisiert\/10200-steigleiter-fuer-zugang-und-arbeiten-60-en-131-1-en-131-2\/"},"modified":"2026-01-31T09:06:56","modified_gmt":"2026-01-31T08:06:56","slug":"10200-steigleiter-fuer-zugang-und-arbeiten-60-en-131-1-en-131-2","status":"publish","type":"product","link":"https:\/\/www.esla.eu\/de\/productos\/treppe-mit-plattform\/festtreppe-fur-zugang-und-arbeiten-dachboden\/10200-steigleiter-fuer-zugang-und-arbeiten-60-en-131-1-en-131-2\/","title":{"rendered":"10200 &#8211; Steigleiter f\u00fcr Zugang und Arbeiten 60 \u00b0 EN 131-1 \/ EN 131-2"},"content":{"rendered":"<p><strong>Besondere Merkmale<\/strong><\/p>\n<p>Ungef\u00e4hre maximale Arbeitsh\u00f6he (m): 5<\/p>\n<p>Neigung \u00b0: 60<\/p>\n<p>Sprosse (mm): 200<\/p>\n<p>Stufenabstand (mm): 250<\/p>\n<p><strong>Weitere Details<\/strong><\/p>\n<p>Die 60\u00b0-Neigung zwingt Sie dazu, r\u00fcckw\u00e4rts herunterzugehen.<\/p>\n<p>Extrudierte Profile.<\/p>\n<p>Plattform 600 x 600.<\/p>\n<p>Die Lieferung erfolgt mit unteren und oberen Verankerungen zur Montage.<\/p>\n<p>Optionales zweites Gel\u00e4nder.<\/p>\n","protected":false},"excerpt":{"rendered":"<h2>Aluminiumtreppe zum Fixieren. N\u00fctzlich f\u00fcr den Zugang zu einem Dachboden o.\u00e4. oder zum Arbeiten von der Plattform aus. <\/h2>\n","protected":false},"featured_media":14541,"template":"","meta":{"inline_featured_image":false},"product_brand":[],"product_cat":[498],"product_tag":[],"class_list":{"0":"post-14540","1":"product","2":"type-product","3":"status-publish","4":"has-post-thumbnail","6":"product_cat-festtreppe-fur-zugang-und-arbeiten-dachboden","8":"first","9":"instock","10":"shipping-taxable","11":"purchasable","12":"product-type-variable"},"_links":{"self":[{"href":"https:\/\/www.esla.eu\/de\/wp-json\/wp\/v2\/product\/14540","targetHints":{"allow":["GET"]}}],"collection":[{"href":"https:\/\/www.esla.eu\/de\/wp-json\/wp\/v2\/product"}],"about":[{"href":"https:\/\/www.esla.eu\/de\/wp-json\/wp\/v2\/types\/product"}],"wp:featuredmedia":[{"embeddable":true,"href":"https:\/\/www.esla.eu\/de\/wp-json\/wp\/v2\/media\/14541"}],"wp:attachment":[{"href":"https:\/\/www.esla.eu\/de\/wp-json\/wp\/v2\/media?parent=14540"}],"wp:term":[{"taxonomy":"product_brand","embeddable":true,"href":"https:\/\/www.esla.eu\/de\/wp-json\/wp\/v2\/product_brand?post=14540"},{"taxonomy":"product_cat","embeddable":true,"href":"https:\/\/www.esla.eu\/de\/wp-json\/wp\/v2\/product_cat?post=14540"},{"taxonomy":"product_tag","embeddable":true,"href":"https:\/\/www.esla.eu\/de\/wp-json\/wp\/v2\/product_tag?post=14540"}],"curies":[{"name":"wp","href":"https:\/\/api.w.org\/{rel}","templated":true}]}}