{"id":14565,"date":"2024-02-29T09:12:44","date_gmt":"2024-02-29T08:12:44","guid":{"rendered":"https:\/\/www.esla.eu\/productos\/unkategorisiert\/10600-arbeitsleiter-und-68-zugang-mit-handlauf-en-131-1-en-131-2\/"},"modified":"2026-01-31T09:14:05","modified_gmt":"2026-01-31T08:14:05","slug":"10600-arbeitsleiter-und-68-zugang-mit-handlauf-en-131-1-en-131-2","status":"publish","type":"product","link":"https:\/\/www.esla.eu\/de\/productos\/treppe-mit-plattform\/festtreppe-fur-zugang-und-arbeiten-dachboden\/10600-arbeitsleiter-und-68-zugang-mit-handlauf-en-131-1-en-131-2\/","title":{"rendered":"10600 &#8211; Arbeitsleiter und 68\u00b0-Zugang mit Handlauf EN 131-1 \/ EN 131-2"},"content":{"rendered":"<p><strong>Highlights<\/strong><\/p>\n<p>Maximale ca. Arbeitsh\u00f6he (m): 4,8 <\/p>\n<p>Neigung \u00b0: 68<\/p>\n<p>Sprosse (mm): 80<\/p>\n<p>Abstand zwischen den Sprossen (mm): 230<\/p>\n<p><strong>Mehr Details<\/strong><\/p>\n<p>Extrudiertes Profil.<\/p>\n<p>Arbeitsleiter mit Gel\u00e4nder.<\/p>\n<p>Optionales zweites Gel\u00e4nder.<\/p>\n","protected":false},"excerpt":{"rendered":"<h2>Aluminiumtreppen f\u00fcr Zugang und Arbeit, fest oder tragbar, mit verschiedenen Gel\u00e4nder- und Plattformm\u00f6glichkeiten.<\/h2>\n<h3>Entwickelt f\u00fcr den Zugang zu Bereichen mit wenig Platz.<\/h3>\n","protected":false},"featured_media":14569,"template":"","meta":{"inline_featured_image":false},"product_brand":[],"product_cat":[498],"product_tag":[],"class_list":{"0":"post-14565","1":"product","2":"type-product","3":"status-publish","4":"has-post-thumbnail","6":"product_cat-festtreppe-fur-zugang-und-arbeiten-dachboden","8":"first","9":"instock","10":"shipping-taxable","11":"purchasable","12":"product-type-variable"},"_links":{"self":[{"href":"https:\/\/www.esla.eu\/de\/wp-json\/wp\/v2\/product\/14565","targetHints":{"allow":["GET"]}}],"collection":[{"href":"https:\/\/www.esla.eu\/de\/wp-json\/wp\/v2\/product"}],"about":[{"href":"https:\/\/www.esla.eu\/de\/wp-json\/wp\/v2\/types\/product"}],"wp:featuredmedia":[{"embeddable":true,"href":"https:\/\/www.esla.eu\/de\/wp-json\/wp\/v2\/media\/14569"}],"wp:attachment":[{"href":"https:\/\/www.esla.eu\/de\/wp-json\/wp\/v2\/media?parent=14565"}],"wp:term":[{"taxonomy":"product_brand","embeddable":true,"href":"https:\/\/www.esla.eu\/de\/wp-json\/wp\/v2\/product_brand?post=14565"},{"taxonomy":"product_cat","embeddable":true,"href":"https:\/\/www.esla.eu\/de\/wp-json\/wp\/v2\/product_cat?post=14565"},{"taxonomy":"product_tag","embeddable":true,"href":"https:\/\/www.esla.eu\/de\/wp-json\/wp\/v2\/product_tag?post=14565"}],"curies":[{"name":"wp","href":"https:\/\/api.w.org\/{rel}","templated":true}]}}