{"id":14583,"date":"2024-03-14T12:08:18","date_gmt":"2024-03-14T11:08:18","guid":{"rendered":"https:\/\/www.esla.eu\/productos\/unkategorisiert\/10170-fahrbare-plattform-fuer-friedhoefe-60-en131-7\/"},"modified":"2024-03-14T12:08:18","modified_gmt":"2024-03-14T11:08:18","slug":"10170-fahrbare-plattform-fuer-friedhoefe-60-en131-7","status":"publish","type":"product","link":"https:\/\/www.esla.eu\/de\/productos\/treppe-mit-plattform\/arbeitsbuhnen\/10170-fahrbare-plattform-fuer-friedhoefe-60-en131-7\/","title":{"rendered":"10170 &#8211; Fahrbare Plattform f\u00fcr Friedh\u00f6fe 60\u00b0 EN131-7"},"content":{"rendered":"<p style=\"font-weight: 400;\"><b><strong>Allgemeine Merkmale des Modells:<\/strong><\/b><\/p>\n<p style=\"font-weight: 400;\">Doppelte Gel\u00e4nder beim Aufstieg und auf der Plattform.<\/p>\n<p style=\"font-weight: 400;\">Kippfestigkeit: 45 kg (definiert in UNE EN 131-7 bei Verwendung im Au\u00dfenbereich f\u00fcr H\u00f6hen \u00fcber 2500 mm). Modell in eigenen Labors getestet. <\/p>\n<p style=\"font-weight: 400;\">Herstellungssystem: Leiter aus verschraubten Aluminiumprofilen. Alle Teile k\u00f6nnen ausgetauscht werden. Stabilisatoren rot gekennzeichnet.  <\/p>\n<p>Stabilisatoren in der Gr\u00f6\u00dfe angepasst, um den richtigen Abstand f\u00fcr die Arbeit mit den Nischen zu gew\u00e4hrleisten<\/p>\n<p style=\"font-weight: 400;\">Mobilit\u00e4t der Leiter:<\/p>\n<p style=\"font-weight: 400;\">&#8211; 6-8-10 Stufen haben Hebel, um die Plattform bequemer anheben zu k\u00f6nnen.<\/p>\n<p style=\"font-weight: 400;\">&#8211; 12-14 Stufen haben einen doppelten Stabilisator mit Lenkrollen.<\/p>\n<p style=\"font-weight: 400;\">Beschilderung: Erinnerung an wichtige Details und Anweisungen f\u00fcr den Benutzer.<\/p>\n","protected":false},"excerpt":{"rendered":"<p>Allgemeine Merkmale des Modells: Doppelte Gel\u00e4nder beim Aufstieg und auf der Plattform. Kippfestigkeit: 45 kg (definiert in UNE EN 131-7 bei Verwendung im Au\u00dfenbereich f\u00fcr H\u00f6hen \u00fcber 2500 mm). Modell in eigenen Labors getestet. Herstellungssystem: Leiter aus verschraubten Aluminiumprofilen. Alle Teile k\u00f6nnen ausgetauscht werden. Stabilisatoren rot gekennzeichnet. Stabilisatoren in der Gr\u00f6\u00dfe angepasst, um den richtigen [&hellip;]<\/p>\n","protected":false},"featured_media":14584,"template":"","meta":{"inline_featured_image":false},"product_brand":[],"product_cat":[437],"product_tag":[],"class_list":{"0":"post-14583","1":"product","2":"type-product","3":"status-publish","4":"has-post-thumbnail","6":"product_cat-arbeitsbuhnen","8":"first","9":"instock","10":"shipping-taxable","11":"product-type-simple"},"_links":{"self":[{"href":"https:\/\/www.esla.eu\/de\/wp-json\/wp\/v2\/product\/14583","targetHints":{"allow":["GET"]}}],"collection":[{"href":"https:\/\/www.esla.eu\/de\/wp-json\/wp\/v2\/product"}],"about":[{"href":"https:\/\/www.esla.eu\/de\/wp-json\/wp\/v2\/types\/product"}],"wp:featuredmedia":[{"embeddable":true,"href":"https:\/\/www.esla.eu\/de\/wp-json\/wp\/v2\/media\/14584"}],"wp:attachment":[{"href":"https:\/\/www.esla.eu\/de\/wp-json\/wp\/v2\/media?parent=14583"}],"wp:term":[{"taxonomy":"product_brand","embeddable":true,"href":"https:\/\/www.esla.eu\/de\/wp-json\/wp\/v2\/product_brand?post=14583"},{"taxonomy":"product_cat","embeddable":true,"href":"https:\/\/www.esla.eu\/de\/wp-json\/wp\/v2\/product_cat?post=14583"},{"taxonomy":"product_tag","embeddable":true,"href":"https:\/\/www.esla.eu\/de\/wp-json\/wp\/v2\/product_tag?post=14583"}],"curies":[{"name":"wp","href":"https:\/\/api.w.org\/{rel}","templated":true}]}}