{"id":8361,"date":"2024-02-28T08:50:23","date_gmt":"2024-02-28T07:50:23","guid":{"rendered":"https:\/\/esla.crealogica.eu\/avis-juridique\/"},"modified":"2024-09-09T11:56:04","modified_gmt":"2024-09-09T09:56:04","slug":"legal-advice","status":"publish","type":"page","link":"https:\/\/www.esla.eu\/en\/legal-advice\/","title":{"rendered":"Legal advice"},"content":{"rendered":"\n<p>1. The website located at the URL www.esla.eu (hereinafter, the Web) is owned by European Special<br>Ladders SA, which has all rights, as the owner or licensee, over its content, design, and source code.<\/p>\n\n\n\n<p>2. Use of the website is free of charge and is carried out under the exclusive responsibility of the user, with European Special Ladders S.A. reserving. the right to modify without prior notice the presentation, configuration and content of the Website as well as the conditions of access to it. Web users will not do anything that could damage the image or rights of its author.<\/p>\n\n\n\n<p>3. Data of the owner of the Website<\/p>\n\n\n\n<ul class=\"wp-block-list\">\n<li><strong>European Special Ladders S.A.<\/strong><\/li>\n\n\n\n<li>Camino del Cementerio 23, Pol\u00edgon Industrial Can Ribot<\/li>\n\n\n\n<li>08319 Dosrius<\/li>\n\n\n\n<li>NIF: A62220801<\/li>\n\n\n\n<li>Contact : info@esla.eu<\/li>\n\n\n\n<li>Phone:<a href=\"tel:+34937533357\">+34.937.533.357<\/a><\/li>\n\n\n\n<li>Company registered in the Commercial Registry of Barcelona volume 30439 book 142 number <strong>B-176.750.<\/strong><\/li>\n<\/ul>\n\n\n\n<p>Intellectual Property<br>All the contents of the Portal, including but not limited to texts, photographs, graphics, images, icons,<br>technology, software, links, and other contents, as well as its graphic design and source codes, are<br>the intellectual property of our company and third parties, with no rights of exploitation over them<br>being transferred to the User beyond what is strictly necessary for the correct use of the Portal.<br>These rights are registered in the Intellectual Property Registry.<br>All rights reserved.<br>Others<br>ESLA is not responsible for third-party websites accessed through links leading to or from the<br>Websites.<br>Regarding the links or hyperlinks, we decline all responsibility for those that refer to our website and,<br>in the case of those that appear on our page, the connection will be made for informational purposes<br>and must have our authorization.<\/p>\n\n\n\n<p>4. European Special Ladders S.A. Adopt the security measures that are reasonably appropriate, conform to its possibilities and to the status of technology, to guarantee the functionality of the Site and the security of its users. Cependant, security measures on the Internet are not completely reliable and do not contain viruses or other elements that alter computer systems (logics and materials) or user documents without warranty.<\/p>\n\n\n\n<p>6. The content of the website is purely informative and informative. \u00c9chelles Sp\u00e9ciales Europ\u00e9ennes S.A. We do not guarantee the usefulness, veracity or actuality of the content of the Site.<\/p>\n\n\n\n<p>7. Visiting the website does not involve the registration of personnel.<\/p>\n\n\n\n<p>8. The access and navigation on the Web site are public, safe in the restricted access zones, accessible only by the four-month pass by European Special Ladders S.A. The mot de passe is personnel and intransmissible, and the utilisateur is tenu de l&#8217;utiliser avec diligence et confidentialit\u00e9 et de ne pas permettre son utilisation \u00e0 des tiers non-authoris\u00e9s par European Special Ladders S.A. L&#8217;utilisateur doit imm\u00e9diatement informar European Special Ladders S.A. tout fait qui permet l&#8217;utilisation inappropri\u00e9e du mot de passe pour acc\u00e9der aux zones r\u00e9glement\u00e9es, dans le but que European Special Ladders S.A. peut proceed \u00e0 son annulation.<\/p>\n\n\n\n<p>9. The establishment of any link from the Web to other third-party websites and\/or from other websites on the Web does not imply that there is any type of relationship between European Special Ladders S.A. and the person responsible for the other website, nor should this link be interpreted as an approval by European Special Ladders S.A. of the contents and activity of another&#8217;s website.<\/p>\n\n\n\n<p>10. The Website is governed by Spanish law and any divergence that arises will be settled by the Courts of the city of Barcelona.<\/p>\n\n\n\n<div style=\"height:100px\" aria-hidden=\"true\" class=\"wp-block-spacer\"><\/div>\n","protected":false},"excerpt":{"rendered":"<p>1. The website located at the URL www.esla.eu (hereinafter, the Web) is owned by European SpecialLadders SA, which has all rights, as the owner or licensee, over its content, design, and source code. 2. Use of the website is free of charge and is carried out under the exclusive responsibility of the user, with European [&hellip;]<\/p>\n","protected":false},"author":1,"featured_media":0,"parent":0,"menu_order":0,"comment_status":"closed","ping_status":"closed","template":"","meta":{"inline_featured_image":false,"footnotes":""},"class_list":["post-8361","page","type-page","status-publish","hentry"],"rttpg_featured_image_url":null,"rttpg_author":{"display_name":"crealogica","author_link":"https:\/\/www.esla.eu\/en\/author\/crealogica\/"},"rttpg_comment":0,"rttpg_category":" <a href=\"https:\/\/www.esla.eu\/en\/?taxonomy=translation_priority&#038;term=opcional-en\" rel=\"tag\">Opcional<\/a>","rttpg_excerpt":"1. The website located at the URL www.esla.eu (hereinafter, the Web) is owned by European SpecialLadders SA, which has all rights, as the owner or licensee, over its content, design, and source code. 2. Use of the website is free of charge and is carried out under the exclusive responsibility of the user, with European&hellip;","_links":{"self":[{"href":"https:\/\/www.esla.eu\/en\/wp-json\/wp\/v2\/pages\/8361","targetHints":{"allow":["GET"]}}],"collection":[{"href":"https:\/\/www.esla.eu\/en\/wp-json\/wp\/v2\/pages"}],"about":[{"href":"https:\/\/www.esla.eu\/en\/wp-json\/wp\/v2\/types\/page"}],"author":[{"embeddable":true,"href":"https:\/\/www.esla.eu\/en\/wp-json\/wp\/v2\/users\/1"}],"replies":[{"embeddable":true,"href":"https:\/\/www.esla.eu\/en\/wp-json\/wp\/v2\/comments?post=8361"}],"version-history":[{"count":7,"href":"https:\/\/www.esla.eu\/en\/wp-json\/wp\/v2\/pages\/8361\/revisions"}],"predecessor-version":[{"id":11583,"href":"https:\/\/www.esla.eu\/en\/wp-json\/wp\/v2\/pages\/8361\/revisions\/11583"}],"wp:attachment":[{"href":"https:\/\/www.esla.eu\/en\/wp-json\/wp\/v2\/media?parent=8361"}],"curies":[{"name":"wp","href":"https:\/\/api.w.org\/{rel}","templated":true}]}}