{"id":35,"date":"2024-02-28T08:50:23","date_gmt":"2024-02-28T07:50:23","guid":{"rendered":"https:\/\/esla.crealogica.eu\/?page_id=35"},"modified":"2024-09-09T11:45:37","modified_gmt":"2024-09-09T09:45:37","slug":"aviso-legal","status":"publish","type":"page","link":"https:\/\/www.esla.eu\/es\/aviso-legal\/","title":{"rendered":"Av\u00edso Legal"},"content":{"rendered":"\n<p>1. El sitio web ubicado en la URL www.esla.eu (en adelante, la Web) es propiedad de European<br>Special Ladders SA quien tiene todos los derechos, en calidad de titular o licenciataria, sobre el<br>contenido, dise\u00f1o y c\u00f3digo fuente de la misma.<\/p>\n\n\n\n<p>2. El uso del sitio web es gratuito y se realiza bajo la exclusiva responsabilidad del usuario, reserv\u00e1ndose European Special Ladders S.A. el derecho de modificar sin previo aviso la presentaci\u00f3n, configuraci\u00f3n y contenido de la Web as\u00ed como las condiciones de acceso a la misma. Los usuarios de la Web no har\u00e1n nada que pueda da\u00f1ar la imagen o derechos de su autor.<\/p>\n\n\n\n<p>3. Datos del titular de la Web<\/p>\n\n\n\n<ul class=\"wp-block-list\">\n<li><strong>European Special Ladders S.A.<\/strong><\/li>\n\n\n\n<li>Camino del Cementerio 23, Pol\u00edgon Industrial Can Ribot<\/li>\n\n\n\n<li>08319 Dosrius<\/li>\n\n\n\n<li>NIF: A62220801<\/li>\n\n\n\n<li>Contacto:<a href=\"mailto:info@esla.eu\">info@esla.eu<\/a><\/li>\n\n\n\n<li>Tel\u00e9fono:<a href=\"tel:+34937533357\">+34.937.533.357<\/a><\/li>\n\n\n\n<li>Sociedad inscrita en el Registro mercantil de de esta Provincia el 26 de febrero de 1998  Tomo 30439, libro 142, hoja n\u00famero B-176.750.<\/li>\n<\/ul>\n\n\n\n<p>Propiedad Intelectual<br>Todos los contenidos del Portal, entendiendo por estos a t\u00edtulo meramente enunciativo los textos,<br>fotograf\u00edas, gr\u00e1ficos, im\u00e1genes, iconos, tecnolog\u00eda, software, links y dem\u00e1s contenidos, as\u00ed como su<br>dise\u00f1o gr\u00e1fico y c\u00f3digos fuente son propiedad intelectual de nuestra compa\u00f1\u00eda y de terceros, sin que<br>puedan entenderse cedidos al Usuario ninguno de los derechos de explotaci\u00f3n sobre los mismos<br>m\u00e1s all\u00e1 de lo estrictamente necesario para el correcto uso del Portal.<br>Estos derechos est\u00e1n registrados en el Registro de la Propiedad Intelectual.<br>Todos los derechos reservados.<br>Otros<br>ESLA no se hace responsable de los sitios web de terceros a los que se accede mediante v\u00ednculos a<br>los que llevan o de los que proceden los Sitios Web.<br>Respecto los links o hiperenlaces declinamos toda responsabilidad por aquellos que remitan a<br>nuestra p\u00e1gina web y en el caso de aquellos que aparezcan en nuestra p\u00e1gina la conexi\u00f3n lo har\u00e1n<br>a t\u00edtulo informativo y deben tener nuestra autorizaci\u00f3n.<\/p>\n\n\n\n<p>4. European Special Ladders S.A. adopta las medidas de seguridad razonablemente adecuadas, conforme a sus posibilidades y estado de la tecnolog\u00eda, para garantizar el funcionamiento de la Web y la seguridad de los usuarios. Sin embargo, las medidas de seguridad en internet no son completamente fiables y por tanto no se garantiza la inexistencia de virus ni otros elementos que alteren los sistemas inform\u00e1ticos (software y hardware) o documentos del usuario.<\/p>\n\n\n\n<p>6. Los contenidos de la Web son meramente informativos y divulgativos. European Special Ladders S.A. no garantiza la utilidad, veracidad ni actualidad del contenido de la Web.<\/p>\n\n\n\n<p>7. La visita a la Web no supone el registro de datos de car\u00e1cter personal.<\/p>\n\n\n\n<p>8. El acceso y navegaci\u00f3n a trav\u00e9s de la web es p\u00fablico excepto en aquellas \u00e1reas de acceso restringido a las que s\u00f3lo se podr\u00e1 acceder mediante la contrase\u00f1a facilitada por European Special Ladders S.A. La contrase\u00f1a es personal e intransferible, oblig\u00e1ndose al usuario a usarla de forma diligente y confidencial ya no permitir su uso a terceros no autorizados por European Special Ladders S.A. El usuario deber\u00e1 comunicar de forma inmediata a European Special Ladders S.A. cualquier hecho que permita el uso indebido de la contrase\u00f1a de acceso a las \u00e1reas restringidas, con el objetivo de que European Special Ladders S.A. pueda proceder a cancelarla.<\/p>\n\n\n\n<p>9. El establecimiento de cualquier enlace desde la Web a otros sitios web ajenos y\/o desde otros sitios web la Web no implica que exista ning\u00fan tipo de relaci\u00f3n entre European Special Ladders S.A. y el responsable del otro sitio web, ni debe interpretarse este enlace como una aprobaci\u00f3n de European Special Ladders S.A. de los contenidos y actividad del sitio web ajeno.<\/p>\n\n\n\n<p>10. La Web se rige por la ley espa\u00f1ola y cualquier divergencia que surja ser\u00e1 dirimida por los Tribunales de la ciudad de Barcelona.<\/p>\n\n\n\n<div style=\"height:100px\" aria-hidden=\"true\" class=\"wp-block-spacer\"><\/div>\n","protected":false},"excerpt":{"rendered":"<p>1. El sitio web ubicado en la URL www.esla.eu (en adelante, la Web) es propiedad de EuropeanSpecial Ladders SA quien tiene todos los derechos, en calidad de titular o licenciataria, sobre elcontenido, dise\u00f1o y c\u00f3digo fuente de la misma. 2. El uso del sitio web es gratuito y se realiza bajo la exclusiva responsabilidad del [&hellip;]<\/p>\n","protected":false},"author":1,"featured_media":0,"parent":0,"menu_order":0,"comment_status":"closed","ping_status":"closed","template":"","meta":{"inline_featured_image":false,"footnotes":""},"class_list":["post-35","page","type-page","status-publish","hentry"],"rttpg_featured_image_url":null,"rttpg_author":{"display_name":"crealogica","author_link":"https:\/\/www.esla.eu\/es\/author\/crealogica\/"},"rttpg_comment":0,"rttpg_category":" <a href=\"https:\/\/www.esla.eu\/es\/?taxonomy=translation_priority&#038;term=opcional\" rel=\"tag\">Opcional<\/a>","rttpg_excerpt":"1. El sitio web ubicado en la URL www.esla.eu (en adelante, la Web) es propiedad de EuropeanSpecial Ladders SA quien tiene todos los derechos, en calidad de titular o licenciataria, sobre elcontenido, dise\u00f1o y c\u00f3digo fuente de la misma. 2. El uso del sitio web es gratuito y se realiza bajo la exclusiva responsabilidad del&hellip;","_links":{"self":[{"href":"https:\/\/www.esla.eu\/es\/wp-json\/wp\/v2\/pages\/35","targetHints":{"allow":["GET"]}}],"collection":[{"href":"https:\/\/www.esla.eu\/es\/wp-json\/wp\/v2\/pages"}],"about":[{"href":"https:\/\/www.esla.eu\/es\/wp-json\/wp\/v2\/types\/page"}],"author":[{"embeddable":true,"href":"https:\/\/www.esla.eu\/es\/wp-json\/wp\/v2\/users\/1"}],"replies":[{"embeddable":true,"href":"https:\/\/www.esla.eu\/es\/wp-json\/wp\/v2\/comments?post=35"}],"version-history":[{"count":3,"href":"https:\/\/www.esla.eu\/es\/wp-json\/wp\/v2\/pages\/35\/revisions"}],"predecessor-version":[{"id":11578,"href":"https:\/\/www.esla.eu\/es\/wp-json\/wp\/v2\/pages\/35\/revisions\/11578"}],"wp:attachment":[{"href":"https:\/\/www.esla.eu\/es\/wp-json\/wp\/v2\/media?parent=35"}],"curies":[{"name":"wp","href":"https:\/\/api.w.org\/{rel}","templated":true}]}}