{"id":39,"date":"2024-02-28T08:54:18","date_gmt":"2024-02-28T07:54:18","guid":{"rendered":"https:\/\/esla.crealogica.eu\/?page_id=39"},"modified":"2024-09-20T12:04:04","modified_gmt":"2024-09-20T10:04:04","slug":"politica-de-calidad","status":"publish","type":"page","link":"https:\/\/www.esla.eu\/es\/politica-de-calidad\/","title":{"rendered":"Pol\u00edtica de Calidad"},"content":{"rendered":"\n<p>La Pol\u00edtica de calidad de ESLA comprende todas las actuaciones que se integran en su Sistema de Gesti\u00f3n de la Calidad quedando definida de la siguiente forma:<\/p>\n\n\n\n<p><em>EUROPEAN SPECIAL LADDERS S.A. es una empresa dedicada al desarrollo, fabricaci\u00f3n, instalaci\u00f3n y venta de equipos de acceso, especializada en productos a medida.<\/em><\/p>\n\n\n\n<p><em>Queremos que nuestros productos y servicios satisfagan a nuestros clientes y que \u00e9stos encuentren en nosotros su empresa de confianza por el dise\u00f1o y la fabricaci\u00f3n, en aluminio y otros materiales, de escaleras, de plataformas de trabajo, de andamios m\u00f3viles y de todo lo que hace referencia a sistemas de trabajo en altura.<\/em><\/p>\n\n\n\n<p><em>Para ello, EUROPEAN SPECIAL LADDERS S.A se compromete a:<\/em><\/p>\n\n\n\n<ul class=\"wp-block-list\">\n<li><em>ofrecer productos y servicios innovadores, dar respuesta \u00e1gil y soluciones personalizadas al cliente, de acuerdo a las necesidades y expectativas de nuestros clientes y otros grupos de inter\u00e9s;<\/em><\/li>\n\n\n\n<li><em>trabajar siempre bajo criterios de alta eficacia y eficiencia, y con un enfoque continuado a la mejora continua.<\/em><\/li>\n\n\n\n<li><em>cumplir los requisitos legales y reglamentarios, as\u00ed como otros requisitos o compromisos adquiridos<\/em><\/li>\n\n\n\n<li><em>minimizar el impacto medioambinetal de nuestras operaciones, integrando la sostenibilidad y la lucha contra el canvio clim\u00e1tico en todos los aspectos de nuestro negocio<\/em><\/li>\n<\/ul>\n\n\n\n<p><em>EUROPEAN SPECIAL LADDERS S.A. define esta Pol\u00edtica de Calidad como marco de referencia para establecer objetivos concretos y cuantificables, comprometi\u00e9ndose a cumplir, difundir y asegurar su cumplimiento por parte de todas las personas trabajadoras de la organizaci\u00f3n.<\/em><\/p>\n\n\n\n<p>La Direcci\u00f3n de ESLA define su Pol\u00edtica de calidad como parte integrante de las l\u00edneas estrat\u00e9gicas de la empresa.<\/p>\n\n\n\n<p>Como forma de expresar su compromiso con la calidad, el Sistema de gesti\u00f3n de la calidad de ESLA est\u00e1 basado en la norma ISO 9001:2015 &#8220;Sistemas de Gesti\u00f3n de la Calidad &#8211; Requisitos&#8221;. Para confirmar que se cumplen los requisitos de esta norma, ESLA somete de forma voluntaria su Sistema de Gesti\u00f3n de Calidad al esquema de certificaci\u00f3n de una Entidad Certificadora Acreditada.<br><br><\/p>\n\n\n\n<div data-wp-interactive=\"core\/file\" class=\"wp-block-file\"><object data-wp-bind--hidden=\"!state.hasPdfPreview\" hidden class=\"wp-block-file__embed\" data=\"https:\/\/esla.crealogica.eu\/wp-content\/uploads\/2024\/02\/EN_ISO_90012015_ENG.pdf\" type=\"application\/pdf\" style=\"width:100%;height:600px\" aria-label=\"Incrustado de EN_ISO_90012015_ENG.\"><\/object><a id=\"wp-block-file--media-7c640688-963b-44c9-8ddd-3554ba934499\" href=\"https:\/\/esla.crealogica.eu\/wp-content\/uploads\/2024\/02\/EN_ISO_90012015_ENG.pdf\" rel=\"nofollow noopener\" target=\"_blank\">EN_ISO_90012015_ENG<\/a><a href=\"https:\/\/esla.crealogica.eu\/wp-content\/uploads\/2024\/02\/EN_ISO_90012015_ENG.pdf\" class=\"wp-block-file__button wp-element-button\" aria-describedby=\"wp-block-file--media-7c640688-963b-44c9-8ddd-3554ba934499\" download rel=\"nofollow noopener\" target=\"_blank\">Descarga<\/a><\/div>\n\n\n\n<div style=\"height:100px\" aria-hidden=\"true\" class=\"wp-block-spacer\"><\/div>\n","protected":false},"excerpt":{"rendered":"<p>La Pol\u00edtica de calidad de ESLA comprende todas las actuaciones que se integran en su Sistema de Gesti\u00f3n de la Calidad quedando definida de la siguiente forma: EUROPEAN SPECIAL LADDERS S.A. es una empresa dedicada al desarrollo, fabricaci\u00f3n, instalaci\u00f3n y venta de equipos de acceso, especializada en productos a medida. Queremos que nuestros productos y [&hellip;]<\/p>\n","protected":false},"author":1,"featured_media":0,"parent":0,"menu_order":0,"comment_status":"closed","ping_status":"closed","template":"","meta":{"inline_featured_image":false,"footnotes":""},"class_list":["post-39","page","type-page","status-publish","hentry"],"rttpg_featured_image_url":null,"rttpg_author":{"display_name":"crealogica","author_link":"https:\/\/www.esla.eu\/es\/author\/crealogica\/"},"rttpg_comment":0,"rttpg_category":" <a href=\"https:\/\/www.esla.eu\/es\/?taxonomy=translation_priority&#038;term=opcional\" rel=\"tag\">Opcional<\/a>","rttpg_excerpt":"La Pol\u00edtica de calidad de ESLA comprende todas las actuaciones que se integran en su Sistema de Gesti\u00f3n de la Calidad quedando definida de la siguiente forma: EUROPEAN SPECIAL LADDERS S.A. es una empresa dedicada al desarrollo, fabricaci\u00f3n, instalaci\u00f3n y venta de equipos de acceso, especializada en productos a medida. Queremos que nuestros productos y&hellip;","_links":{"self":[{"href":"https:\/\/www.esla.eu\/es\/wp-json\/wp\/v2\/pages\/39","targetHints":{"allow":["GET"]}}],"collection":[{"href":"https:\/\/www.esla.eu\/es\/wp-json\/wp\/v2\/pages"}],"about":[{"href":"https:\/\/www.esla.eu\/es\/wp-json\/wp\/v2\/types\/page"}],"author":[{"embeddable":true,"href":"https:\/\/www.esla.eu\/es\/wp-json\/wp\/v2\/users\/1"}],"replies":[{"embeddable":true,"href":"https:\/\/www.esla.eu\/es\/wp-json\/wp\/v2\/comments?post=39"}],"version-history":[{"count":2,"href":"https:\/\/www.esla.eu\/es\/wp-json\/wp\/v2\/pages\/39\/revisions"}],"predecessor-version":[{"id":11815,"href":"https:\/\/www.esla.eu\/es\/wp-json\/wp\/v2\/pages\/39\/revisions\/11815"}],"wp:attachment":[{"href":"https:\/\/www.esla.eu\/es\/wp-json\/wp\/v2\/media?parent=39"}],"curies":[{"name":"wp","href":"https:\/\/api.w.org\/{rel}","templated":true}]}}