{"id":1861,"date":"2024-03-12T16:35:50","date_gmt":"2024-03-12T15:35:50","guid":{"rendered":"https:\/\/esla.crealogica.eu\/?post_type=product&#038;p=1861"},"modified":"2025-05-29T16:06:00","modified_gmt":"2025-05-29T14:06:00","slug":"es-4046-escalera-para-apoyar-extensible-de-2-tramos-en131-1-2","status":"publish","type":"product","link":"https:\/\/www.esla.eu\/es\/productos\/escaleras-portatiles\/es-4046-escalera-para-apoyar-extensible-de-2-tramos-en131-1-2\/","title":{"rendered":"4046 &#8211; Escalera para apoyar extensible de 2 tramos EN131.1-2"},"content":{"rendered":"<p><strong>Caracter\u00edsticas a destacar<\/strong><\/p>\n<p>Altura m\u00e1xima de trabajo aproximada (mts): 9<\/p>\n<p>Inclinaci\u00f3n \u00b0: 75<\/p>\n<p>Pelda\u00f1o (mm): 30<\/p>\n<p>Ancho (mm): 355 \/ 425<\/p>\n<p>Separaci\u00f3n pelda\u00f1os (mm): 280<\/p>\n<p><strong>Otros detalles<\/strong><\/p>\n<p>Montantes laterales extrusionados ergon\u00f3micos.<\/p>\n<p>Gu\u00edas en acero.<\/p>\n","protected":false},"excerpt":{"rendered":"<p>Caracter\u00edsticas a destacar Altura m\u00e1xima de trabajo aproximada (mts): 9 Inclinaci\u00f3n \u00b0: 75 Pelda\u00f1o (mm): 30 Ancho (mm): 355 \/ 425 Separaci\u00f3n pelda\u00f1os (mm): 280 Otros detalles Montantes laterales extrusionados ergon\u00f3micos. Gu\u00edas en acero.<\/p>\n","protected":false},"featured_media":1867,"template":"","meta":{"inline_featured_image":false},"product_brand":[],"product_cat":[43],"product_tag":[],"class_list":{"0":"post-1861","1":"product","2":"type-product","3":"status-publish","4":"has-post-thumbnail","6":"product_cat-escaleras-portatiles","8":"first","9":"instock","10":"shipping-taxable","11":"purchasable","12":"product-type-simple"},"_links":{"self":[{"href":"https:\/\/www.esla.eu\/es\/wp-json\/wp\/v2\/product\/1861","targetHints":{"allow":["GET"]}}],"collection":[{"href":"https:\/\/www.esla.eu\/es\/wp-json\/wp\/v2\/product"}],"about":[{"href":"https:\/\/www.esla.eu\/es\/wp-json\/wp\/v2\/types\/product"}],"wp:featuredmedia":[{"embeddable":true,"href":"https:\/\/www.esla.eu\/es\/wp-json\/wp\/v2\/media\/1867"}],"wp:attachment":[{"href":"https:\/\/www.esla.eu\/es\/wp-json\/wp\/v2\/media?parent=1861"}],"wp:term":[{"taxonomy":"product_brand","embeddable":true,"href":"https:\/\/www.esla.eu\/es\/wp-json\/wp\/v2\/product_brand?post=1861"},{"taxonomy":"product_cat","embeddable":true,"href":"https:\/\/www.esla.eu\/es\/wp-json\/wp\/v2\/product_cat?post=1861"},{"taxonomy":"product_tag","embeddable":true,"href":"https:\/\/www.esla.eu\/es\/wp-json\/wp\/v2\/product_tag?post=1861"}],"curies":[{"name":"wp","href":"https:\/\/api.w.org\/{rel}","templated":true}]}}