{"id":2042,"date":"2024-03-13T09:26:49","date_gmt":"2024-03-13T08:26:49","guid":{"rendered":"https:\/\/esla.crealogica.eu\/?post_type=product&#038;p=2042"},"modified":"2025-05-29T16:05:59","modified_gmt":"2025-05-29T14:05:59","slug":"4123-escaleras-tijera-doble-acceso-con-patas-prolongadoras-en131-1-2","status":"publish","type":"product","link":"https:\/\/www.esla.eu\/es\/productos\/escaleras-portatiles\/4123-escaleras-tijera-doble-acceso-con-patas-prolongadoras-en131-1-2\/","title":{"rendered":"4123 &#8211; Escaleras tijera doble acceso con patas prolongadoras EN131.1-2"},"content":{"rendered":"<p><strong>Caracter\u00edsticas a destacar<\/strong><\/p>\n<p>Altura m\u00e1xima de trabajo aproximada (mts): 3,05<\/p>\n<p>Inclinaci\u00f3n \u00b0: 75<\/p>\n<p>Pelda\u00f1o (mm): 30<\/p>\n<p>Separaci\u00f3n pelda\u00f1os (mm): 270<\/p>\n<p><strong>Otros detalles<\/strong><\/p>\n<p>Cuatro prolongadores de base con regulaci\u00f3n de forma continua (2&#215;1,000, 2x 370)<\/p>\n<p>Protecci\u00f3n contra expansi\u00f3n con cintas de perl\u00f3n de alta resistencia.<\/p>\n<p>Dispositivo de bloqueo patentado con tacos de retenci\u00f3n.<\/p>\n","protected":false},"excerpt":{"rendered":"<p>Caracter\u00edsticas a destacar Altura m\u00e1xima de trabajo aproximada (mts): 3,05 Inclinaci\u00f3n \u00b0: 75 Pelda\u00f1o (mm): 30 Separaci\u00f3n pelda\u00f1os (mm): 270 Otros detalles Cuatro prolongadores de base con regulaci\u00f3n de forma continua (2&#215;1,000, 2x 370) Protecci\u00f3n contra expansi\u00f3n con cintas de perl\u00f3n de alta resistencia. Dispositivo de bloqueo patentado con tacos de retenci\u00f3n.<\/p>\n","protected":false},"featured_media":2055,"template":"","meta":{"inline_featured_image":false},"product_brand":[],"product_cat":[43],"product_tag":[],"class_list":{"0":"post-2042","1":"product","2":"type-product","3":"status-publish","4":"has-post-thumbnail","6":"product_cat-escaleras-portatiles","8":"first","9":"instock","10":"shipping-taxable","11":"purchasable","12":"product-type-simple"},"_links":{"self":[{"href":"https:\/\/www.esla.eu\/es\/wp-json\/wp\/v2\/product\/2042","targetHints":{"allow":["GET"]}}],"collection":[{"href":"https:\/\/www.esla.eu\/es\/wp-json\/wp\/v2\/product"}],"about":[{"href":"https:\/\/www.esla.eu\/es\/wp-json\/wp\/v2\/types\/product"}],"wp:featuredmedia":[{"embeddable":true,"href":"https:\/\/www.esla.eu\/es\/wp-json\/wp\/v2\/media\/2055"}],"wp:attachment":[{"href":"https:\/\/www.esla.eu\/es\/wp-json\/wp\/v2\/media?parent=2042"}],"wp:term":[{"taxonomy":"product_brand","embeddable":true,"href":"https:\/\/www.esla.eu\/es\/wp-json\/wp\/v2\/product_brand?post=2042"},{"taxonomy":"product_cat","embeddable":true,"href":"https:\/\/www.esla.eu\/es\/wp-json\/wp\/v2\/product_cat?post=2042"},{"taxonomy":"product_tag","embeddable":true,"href":"https:\/\/www.esla.eu\/es\/wp-json\/wp\/v2\/product_tag?post=2042"}],"curies":[{"name":"wp","href":"https:\/\/api.w.org\/{rel}","templated":true}]}}