{"id":2129,"date":"2024-03-13T10:28:01","date_gmt":"2024-03-13T09:28:01","guid":{"rendered":"https:\/\/esla.crealogica.eu\/?post_type=product&#038;p=2129"},"modified":"2025-05-29T16:05:57","modified_gmt":"2025-05-29T14:05:57","slug":"6024-escaleras-de-tijera-doble-acceso-y-peldano-ancho-en131-1-2","status":"publish","type":"product","link":"https:\/\/www.esla.eu\/es\/productos\/escaleras-portatiles\/6024-escaleras-de-tijera-doble-acceso-y-peldano-ancho-en131-1-2\/","title":{"rendered":"6024 &#8211; Escaleras de tijera doble acceso y pelda\u00f1o ancho EN131.1-2"},"content":{"rendered":"<p>Caracter\u00edsticas a destacar<\/p>\n<p>Altura m\u00e1xima de trabajo aproximada (mts): 3,33<\/p>\n<p>Inclinaci\u00f3n \u00b0: 68<\/p>\n<p>Pelda\u00f1o (mm): 80<\/p>\n<p>Separaci\u00f3n pelda\u00f1os (mm): 270<\/p>\n<p>Otros detalles<\/p>\n<p>El montante en forma D aporta una sensaci\u00f3n de seguridad mucho m\u00e1s elevada durante el trabajo sobre la escalera, as\u00ed como una resistencia de los largueros a la torsi\u00f3n 4 veces m\u00e1s alta.<\/p>\n<p>Elemento de bisagra sin mantenimiento (la suciedad no puede quedar adherida).<\/p>\n<p>Tacos exteriores extra grandes, remachados al montante.<\/p>\n","protected":false},"excerpt":{"rendered":"<p>Caracter\u00edsticas a destacar Altura m\u00e1xima de trabajo aproximada (mts): 3,33 Inclinaci\u00f3n \u00b0: 68 Pelda\u00f1o (mm): 80 Separaci\u00f3n pelda\u00f1os (mm): 270 Otros detalles El montante en forma D aporta una sensaci\u00f3n de seguridad mucho m\u00e1s elevada durante el trabajo sobre la escalera, as\u00ed como una resistencia de los largueros a la torsi\u00f3n 4 veces m\u00e1s alta. [&hellip;]<\/p>\n","protected":false},"featured_media":2140,"template":"","meta":{"inline_featured_image":false},"product_brand":[],"product_cat":[43],"product_tag":[],"class_list":{"0":"post-2129","1":"product","2":"type-product","3":"status-publish","4":"has-post-thumbnail","6":"product_cat-escaleras-portatiles","8":"first","9":"instock","10":"shipping-taxable","11":"purchasable","12":"product-type-simple"},"_links":{"self":[{"href":"https:\/\/www.esla.eu\/es\/wp-json\/wp\/v2\/product\/2129","targetHints":{"allow":["GET"]}}],"collection":[{"href":"https:\/\/www.esla.eu\/es\/wp-json\/wp\/v2\/product"}],"about":[{"href":"https:\/\/www.esla.eu\/es\/wp-json\/wp\/v2\/types\/product"}],"wp:featuredmedia":[{"embeddable":true,"href":"https:\/\/www.esla.eu\/es\/wp-json\/wp\/v2\/media\/2140"}],"wp:attachment":[{"href":"https:\/\/www.esla.eu\/es\/wp-json\/wp\/v2\/media?parent=2129"}],"wp:term":[{"taxonomy":"product_brand","embeddable":true,"href":"https:\/\/www.esla.eu\/es\/wp-json\/wp\/v2\/product_brand?post=2129"},{"taxonomy":"product_cat","embeddable":true,"href":"https:\/\/www.esla.eu\/es\/wp-json\/wp\/v2\/product_cat?post=2129"},{"taxonomy":"product_tag","embeddable":true,"href":"https:\/\/www.esla.eu\/es\/wp-json\/wp\/v2\/product_tag?post=2129"}],"curies":[{"name":"wp","href":"https:\/\/api.w.org\/{rel}","templated":true}]}}