{"id":2286,"date":"2024-03-13T12:30:21","date_gmt":"2024-03-13T11:30:21","guid":{"rendered":"https:\/\/esla.crealogica.eu\/?post_type=product&#038;p=2286"},"modified":"2025-05-29T16:05:55","modified_gmt":"2025-05-29T14:05:55","slug":"f7200m-escalera-para-apoyar-extensible-de-2-tramos-manual-fibra-de-vidrio-en-131-1-en-131-2-y-en-50528","status":"publish","type":"product","link":"https:\/\/www.esla.eu\/es\/productos\/escaleras-portatiles\/f7200m-escalera-para-apoyar-extensible-de-2-tramos-manual-fibra-de-vidrio-en-131-1-en-131-2-y-en-50528\/","title":{"rendered":"F7200M &#8211; Escalera para apoyar extensible de 2 tramos manual fibra de vidrio EN 131.1 &#8211; EN 131.2 y EN 50528"},"content":{"rendered":"<p><strong>Features to stand out<\/strong><\/p>\n<p>Altura m\u00e1xima de trabajo aproximada (mts): 11<\/p>\n<p>Inclinaci\u00f3n \u00b0: 75<\/p>\n<p>Pelda\u00f1o (mm): 30<\/p>\n<p>Ancho (mm): 450\/500<\/p>\n<p>Separaci\u00f3n pelda\u00f1os (mm): 280<\/p>\n<p><strong>Otros detalles<\/strong><\/p>\n<p>El pelda\u00f1o inferior del tramo base y el superior del tramo extensible est\u00e1n reforzados.<\/p>\n<p>Se puede trabajar con los 2 tramos por separado<\/p>\n<p>Equipada con zapatas basculantes.<\/p>\n<p>Patas regulables en altura, opcionales.<\/p>\n<p>Aislante ante agentes el\u00e9ctricos y t\u00e9rmicos.<\/p>\n<p>Antimagn\u00e9ticas y resistentes a la humedad, los \u00e1cidos, la corrosi\u00f3n y los rayos ultravioletas.<\/p>\n<p>Torniller\u00eda y herrajes en acero inoxidable.<\/p>\n<p>Ruedas de deslizamiento para las fachadas a partir del modelo F7210M (no incluidas en modelos inferiores).<\/p>\n<p>Montantes cerrados por tapas y pelda\u00f1os sellados con tapones.<\/p>\n<p>Rodillos de deslizamiento entre tramos para evitar desgaste de los perfiles.<\/p>\n","protected":false},"excerpt":{"rendered":"<p>Features to stand out Altura m\u00e1xima de trabajo aproximada (mts): 11 Inclinaci\u00f3n \u00b0: 75 Pelda\u00f1o (mm): 30 Ancho (mm): 450\/500 Separaci\u00f3n pelda\u00f1os (mm): 280 Otros detalles El pelda\u00f1o inferior del tramo base y el superior del tramo extensible est\u00e1n reforzados. Se puede trabajar con los 2 tramos por separado Equipada con zapatas basculantes. Patas regulables [&hellip;]<\/p>\n","protected":false},"featured_media":2292,"template":"","meta":{"inline_featured_image":false},"product_brand":[],"product_cat":[43],"product_tag":[],"class_list":{"0":"post-2286","1":"product","2":"type-product","3":"status-publish","4":"has-post-thumbnail","6":"product_cat-escaleras-portatiles","8":"first","9":"instock","10":"shipping-taxable","11":"purchasable","12":"product-type-simple"},"_links":{"self":[{"href":"https:\/\/www.esla.eu\/es\/wp-json\/wp\/v2\/product\/2286","targetHints":{"allow":["GET"]}}],"collection":[{"href":"https:\/\/www.esla.eu\/es\/wp-json\/wp\/v2\/product"}],"about":[{"href":"https:\/\/www.esla.eu\/es\/wp-json\/wp\/v2\/types\/product"}],"wp:featuredmedia":[{"embeddable":true,"href":"https:\/\/www.esla.eu\/es\/wp-json\/wp\/v2\/media\/2292"}],"wp:attachment":[{"href":"https:\/\/www.esla.eu\/es\/wp-json\/wp\/v2\/media?parent=2286"}],"wp:term":[{"taxonomy":"product_brand","embeddable":true,"href":"https:\/\/www.esla.eu\/es\/wp-json\/wp\/v2\/product_brand?post=2286"},{"taxonomy":"product_cat","embeddable":true,"href":"https:\/\/www.esla.eu\/es\/wp-json\/wp\/v2\/product_cat?post=2286"},{"taxonomy":"product_tag","embeddable":true,"href":"https:\/\/www.esla.eu\/es\/wp-json\/wp\/v2\/product_tag?post=2286"}],"curies":[{"name":"wp","href":"https:\/\/api.w.org\/{rel}","templated":true}]}}