{"id":2313,"date":"2024-03-13T13:50:27","date_gmt":"2024-03-13T12:50:27","guid":{"rendered":"https:\/\/esla.crealogica.eu\/?post_type=product&#038;p=2313"},"modified":"2025-05-29T16:05:54","modified_gmt":"2025-05-29T14:05:54","slug":"f-alm-65-escalera-de-fibra-de-almacen-65o-en-131-7-y-en-61478","status":"publish","type":"product","link":"https:\/\/www.esla.eu\/es\/productos\/escaleras-portatiles\/f-alm-65-escalera-de-fibra-de-almacen-65o-en-131-7-y-en-61478\/","title":{"rendered":"F-ALM-65 Escalera de fibra de almac\u00e9n 65\u00ba EN 131-7 y EN 61478"},"content":{"rendered":"<p>-Escalera de fibra de vidrio, aislante ante agentes el\u00e9ctricos y t\u00e9rmicos.<\/p>\n<p>-Escalera antimagn\u00e9tica y resistente a la humedad, los \u00e1cidos, la corrosi\u00f3n y los rayos ultravioletas.<\/p>\n<p>-Plataforma de 605\u00d7805 mm de tramex de seguridad de fibra de vidrio.<\/p>\n<p>-Paso entre pelda\u00f1os 28 cm.<\/p>\n<p>-Inclinaci\u00f3n tramo subida: 65\u00ba (subir y bajar de cara a la escalera)<\/p>\n<p>-Pelda\u00f1os de fibra de vidrio de 82 mm de huella.<\/p>\n<p>-Zapatas de goma antideslizantes.<\/p>\n<p>-Torniller\u00eda y herrajes en acero inoxidable.<\/p>\n<p>-Ruedas de desplazamiento en la parte posterior<\/p>\n<p>-Largueros cerrados por tapas y pelda\u00f1os sellados con tapones.<\/p>\n<p>-Fabricadas en conformidad con la norma UNE-EN 131-7 de Escaleras m\u00f3viles con plataforma.<\/p>\n<p>-Ensayos de aislamiento 100 KV seg\u00fan norma UNE-EN 61478 de Escaleras de material aislante.<\/p>\n","protected":false},"excerpt":{"rendered":"<p>-Escalera de fibra de vidrio, aislante ante agentes el\u00e9ctricos y t\u00e9rmicos. -Escalera antimagn\u00e9tica y resistente a la humedad, los \u00e1cidos, la corrosi\u00f3n y los rayos ultravioletas. -Plataforma de 605\u00d7805 mm de tramex de seguridad de fibra de vidrio. -Paso entre pelda\u00f1os 28 cm. -Inclinaci\u00f3n tramo subida: 65\u00ba (subir y bajar de cara a la escalera) [&hellip;]<\/p>\n","protected":false},"featured_media":2314,"template":"","meta":{"inline_featured_image":false},"product_brand":[],"product_cat":[43],"product_tag":[],"class_list":{"0":"post-2313","1":"product","2":"type-product","3":"status-publish","4":"has-post-thumbnail","6":"product_cat-escaleras-portatiles","8":"first","9":"instock","10":"shipping-taxable","11":"purchasable","12":"product-type-simple"},"_links":{"self":[{"href":"https:\/\/www.esla.eu\/es\/wp-json\/wp\/v2\/product\/2313","targetHints":{"allow":["GET"]}}],"collection":[{"href":"https:\/\/www.esla.eu\/es\/wp-json\/wp\/v2\/product"}],"about":[{"href":"https:\/\/www.esla.eu\/es\/wp-json\/wp\/v2\/types\/product"}],"wp:featuredmedia":[{"embeddable":true,"href":"https:\/\/www.esla.eu\/es\/wp-json\/wp\/v2\/media\/2314"}],"wp:attachment":[{"href":"https:\/\/www.esla.eu\/es\/wp-json\/wp\/v2\/media?parent=2313"}],"wp:term":[{"taxonomy":"product_brand","embeddable":true,"href":"https:\/\/www.esla.eu\/es\/wp-json\/wp\/v2\/product_brand?post=2313"},{"taxonomy":"product_cat","embeddable":true,"href":"https:\/\/www.esla.eu\/es\/wp-json\/wp\/v2\/product_cat?post=2313"},{"taxonomy":"product_tag","embeddable":true,"href":"https:\/\/www.esla.eu\/es\/wp-json\/wp\/v2\/product_tag?post=2313"}],"curies":[{"name":"wp","href":"https:\/\/api.w.org\/{rel}","templated":true}]}}