{"id":2390,"date":"2024-03-13T14:22:29","date_gmt":"2024-03-13T13:22:29","guid":{"rendered":"https:\/\/esla.crealogica.eu\/?post_type=product&#038;p=2390"},"modified":"2025-05-29T16:05:54","modified_gmt":"2025-05-29T14:05:54","slug":"fatp-escalera-de-tijera-de-peldano-ancho-con-doble-acceso-fibra-de-vidrio-en131-1-2-y-en-50528","status":"publish","type":"product","link":"https:\/\/www.esla.eu\/es\/productos\/escaleras-portatiles\/fatp-escalera-de-tijera-de-peldano-ancho-con-doble-acceso-fibra-de-vidrio-en131-1-2-y-en-50528\/","title":{"rendered":"FATP &#8211; Escalera de tijera de pelda\u00f1o ancho con doble acceso fibra de vidrio EN131.1-2 y EN 50528"},"content":{"rendered":"<p><strong>Caracter\u00edsticas a destacar<\/strong><\/p>\n<p>Altura m\u00e1xima de trabajo aproximada (mts): 3,65<\/p>\n<p>Inclinaci\u00f3n \u00b0: 68<\/p>\n<p>Pelda\u00f1o (mm): 80<\/p>\n<p>Separaci\u00f3n pelda\u00f1os (mm): 250<\/p>\n<p><strong>Otros detalles<\/strong><\/p>\n<p>Tramo de ascenso de poli\u00e9ster reforzado con fibra de vidrio<\/p>\n<p>Pelda\u00f1o reforzado de aluminio.<\/p>\n<p>Barras de seguridad antiapertura en hierro.<\/p>\n<p>Escuadras de refuerzo en pelda\u00f1os intermedios e inferiores.<\/p>\n","protected":false},"excerpt":{"rendered":"<p>Caracter\u00edsticas a destacar Altura m\u00e1xima de trabajo aproximada (mts): 3,65 Inclinaci\u00f3n \u00b0: 68 Pelda\u00f1o (mm): 80 Separaci\u00f3n pelda\u00f1os (mm): 250 Otros detalles Tramo de ascenso de poli\u00e9ster reforzado con fibra de vidrio Pelda\u00f1o reforzado de aluminio. Barras de seguridad antiapertura en hierro. Escuadras de refuerzo en pelda\u00f1os intermedios e inferiores.<\/p>\n","protected":false},"featured_media":2396,"template":"","meta":{"inline_featured_image":false},"product_brand":[],"product_cat":[43],"product_tag":[],"class_list":{"0":"post-2390","1":"product","2":"type-product","3":"status-publish","4":"has-post-thumbnail","6":"product_cat-escaleras-portatiles","8":"first","9":"instock","10":"shipping-taxable","11":"purchasable","12":"product-type-simple"},"_links":{"self":[{"href":"https:\/\/www.esla.eu\/es\/wp-json\/wp\/v2\/product\/2390","targetHints":{"allow":["GET"]}}],"collection":[{"href":"https:\/\/www.esla.eu\/es\/wp-json\/wp\/v2\/product"}],"about":[{"href":"https:\/\/www.esla.eu\/es\/wp-json\/wp\/v2\/types\/product"}],"wp:featuredmedia":[{"embeddable":true,"href":"https:\/\/www.esla.eu\/es\/wp-json\/wp\/v2\/media\/2396"}],"wp:attachment":[{"href":"https:\/\/www.esla.eu\/es\/wp-json\/wp\/v2\/media?parent=2390"}],"wp:term":[{"taxonomy":"product_brand","embeddable":true,"href":"https:\/\/www.esla.eu\/es\/wp-json\/wp\/v2\/product_brand?post=2390"},{"taxonomy":"product_cat","embeddable":true,"href":"https:\/\/www.esla.eu\/es\/wp-json\/wp\/v2\/product_cat?post=2390"},{"taxonomy":"product_tag","embeddable":true,"href":"https:\/\/www.esla.eu\/es\/wp-json\/wp\/v2\/product_tag?post=2390"}],"curies":[{"name":"wp","href":"https:\/\/api.w.org\/{rel}","templated":true}]}}