{"id":2435,"date":"2024-03-13T17:00:27","date_gmt":"2024-03-13T16:00:27","guid":{"rendered":"https:\/\/esla.crealogica.eu\/?post_type=product&#038;p=2435"},"modified":"2025-05-29T16:05:53","modified_gmt":"2025-05-29T14:05:53","slug":"8024-escalera-de-tijera-con-doble-acceso-y-peldano-ancho-en131-1-2","status":"publish","type":"product","link":"https:\/\/www.esla.eu\/es\/productos\/escaleras-portatiles\/8024-escalera-de-tijera-con-doble-acceso-y-peldano-ancho-en131-1-2\/","title":{"rendered":"8024 &#8211; Escalera de tijera con doble acceso y pelda\u00f1o ancho EN131.1-2"},"content":{"rendered":"<p><strong>Caracter\u00edsticas a destacar<\/strong><\/p>\n<p>Altura m\u00e1xima de trabajo aproximada (mts): 4,5<\/p>\n<p>Inclinaci\u00f3n \u00b0: 68<\/p>\n<p>Pelda\u00f1o (mm): 80<\/p>\n<p>Separaci\u00f3n pelda\u00f1os (mm): 230<\/p>\n<p><strong>Otros detalles<\/strong><\/p>\n<p>Cinta apertura de gran resistencia.<\/p>\n<p>Tirantes refuerzo primer pelda\u00f1o.<\/p>\n<p>Pies en \u00e1ngulo que ofrecen m\u00e1s superf\u00edcie de apoyo.<\/p>\n<p>Bisagra apertura de fundici\u00f3n de alta resistencia.<\/p>\n","protected":false},"excerpt":{"rendered":"<p>Caracter\u00edsticas a destacar Altura m\u00e1xima de trabajo aproximada (mts): 4,5 Inclinaci\u00f3n \u00b0: 68 Pelda\u00f1o (mm): 80 Separaci\u00f3n pelda\u00f1os (mm): 230 Otros detalles Cinta apertura de gran resistencia. Tirantes refuerzo primer pelda\u00f1o. Pies en \u00e1ngulo que ofrecen m\u00e1s superf\u00edcie de apoyo. Bisagra apertura de fundici\u00f3n de alta resistencia.<\/p>\n","protected":false},"featured_media":2451,"template":"","meta":{"inline_featured_image":false},"product_brand":[],"product_cat":[43],"product_tag":[],"class_list":{"0":"post-2435","1":"product","2":"type-product","3":"status-publish","4":"has-post-thumbnail","6":"product_cat-escaleras-portatiles","8":"first","9":"instock","10":"shipping-taxable","11":"purchasable","12":"product-type-simple"},"_links":{"self":[{"href":"https:\/\/www.esla.eu\/es\/wp-json\/wp\/v2\/product\/2435","targetHints":{"allow":["GET"]}}],"collection":[{"href":"https:\/\/www.esla.eu\/es\/wp-json\/wp\/v2\/product"}],"about":[{"href":"https:\/\/www.esla.eu\/es\/wp-json\/wp\/v2\/types\/product"}],"wp:featuredmedia":[{"embeddable":true,"href":"https:\/\/www.esla.eu\/es\/wp-json\/wp\/v2\/media\/2451"}],"wp:attachment":[{"href":"https:\/\/www.esla.eu\/es\/wp-json\/wp\/v2\/media?parent=2435"}],"wp:term":[{"taxonomy":"product_brand","embeddable":true,"href":"https:\/\/www.esla.eu\/es\/wp-json\/wp\/v2\/product_brand?post=2435"},{"taxonomy":"product_cat","embeddable":true,"href":"https:\/\/www.esla.eu\/es\/wp-json\/wp\/v2\/product_cat?post=2435"},{"taxonomy":"product_tag","embeddable":true,"href":"https:\/\/www.esla.eu\/es\/wp-json\/wp\/v2\/product_tag?post=2435"}],"curies":[{"name":"wp","href":"https:\/\/api.w.org\/{rel}","templated":true}]}}