{"id":2480,"date":"2024-03-14T11:20:00","date_gmt":"2024-03-14T10:20:00","guid":{"rendered":"https:\/\/esla.crealogica.eu\/?post_type=product&#038;p=2480"},"modified":"2025-05-29T16:05:52","modified_gmt":"2025-05-29T14:05:52","slug":"8026-escalera-de-tijera-con-plataforma-en131-1-2","status":"publish","type":"product","link":"https:\/\/www.esla.eu\/es\/productos\/escaleras-portatiles\/8026-escalera-de-tijera-con-plataforma-en131-1-2\/","title":{"rendered":"8026 &#8211; Escalera de tijera con plataforma EN131.1-2"},"content":{"rendered":"<p><strong>Caracter\u00edsticas a destacar<\/strong><\/p>\n<p>Altura m\u00e1xima de trabajo aproximada (mts): 5,2<\/p>\n<p>Inclinaci\u00f3n \u00b0: 68<\/p>\n<p>Pelda\u00f1o (mm): 80<\/p>\n<p>Separaci\u00f3n pelda\u00f1os (mm): 230<\/p>\n<p><strong>Otros detalles<\/strong><\/p>\n<p>Montantes laterales extrusionados ergon\u00f3micos.<\/p>\n<p>Pies en \u00e1ngulo que ofrecen m\u00e1s superf\u00edcie de apoyo.<\/p>\n<p>Bandeja superior de aluminio para herramientas.<\/p>\n<p>Plataforma 250 x 250.<\/p>\n<p>Tirantes refuerzo primer pelda\u00f1o.<\/p>\n<p>Cinta apertura de gran resistencia a partir de 7 pelda\u00f1os.<\/p>\n","protected":false},"excerpt":{"rendered":"<p>Caracter\u00edsticas a destacar Altura m\u00e1xima de trabajo aproximada (mts): 5,2 Inclinaci\u00f3n \u00b0: 68 Pelda\u00f1o (mm): 80 Separaci\u00f3n pelda\u00f1os (mm): 230 Otros detalles Montantes laterales extrusionados ergon\u00f3micos. Pies en \u00e1ngulo que ofrecen m\u00e1s superf\u00edcie de apoyo. Bandeja superior de aluminio para herramientas. Plataforma 250 x 250. Tirantes refuerzo primer pelda\u00f1o. Cinta apertura de gran resistencia a [&hellip;]<\/p>\n","protected":false},"featured_media":2486,"template":"","meta":{"inline_featured_image":false},"product_brand":[],"product_cat":[43],"product_tag":[],"class_list":{"0":"post-2480","1":"product","2":"type-product","3":"status-publish","4":"has-post-thumbnail","6":"product_cat-escaleras-portatiles","8":"first","9":"instock","10":"shipping-taxable","11":"purchasable","12":"product-type-simple"},"_links":{"self":[{"href":"https:\/\/www.esla.eu\/es\/wp-json\/wp\/v2\/product\/2480","targetHints":{"allow":["GET"]}}],"collection":[{"href":"https:\/\/www.esla.eu\/es\/wp-json\/wp\/v2\/product"}],"about":[{"href":"https:\/\/www.esla.eu\/es\/wp-json\/wp\/v2\/types\/product"}],"wp:featuredmedia":[{"embeddable":true,"href":"https:\/\/www.esla.eu\/es\/wp-json\/wp\/v2\/media\/2486"}],"wp:attachment":[{"href":"https:\/\/www.esla.eu\/es\/wp-json\/wp\/v2\/media?parent=2480"}],"wp:term":[{"taxonomy":"product_brand","embeddable":true,"href":"https:\/\/www.esla.eu\/es\/wp-json\/wp\/v2\/product_brand?post=2480"},{"taxonomy":"product_cat","embeddable":true,"href":"https:\/\/www.esla.eu\/es\/wp-json\/wp\/v2\/product_cat?post=2480"},{"taxonomy":"product_tag","embeddable":true,"href":"https:\/\/www.esla.eu\/es\/wp-json\/wp\/v2\/product_tag?post=2480"}],"curies":[{"name":"wp","href":"https:\/\/api.w.org\/{rel}","templated":true}]}}