{"id":2520,"date":"2024-03-14T11:49:23","date_gmt":"2024-03-14T10:49:23","guid":{"rendered":"https:\/\/esla.crealogica.eu\/?post_type=product&#038;p=2520"},"modified":"2025-05-29T16:05:52","modified_gmt":"2025-05-29T14:05:52","slug":"ft-escalera-de-tijera-con-doble-acceso-fibra-de-vidrio-en131-1-2-y-en-50528","status":"publish","type":"product","link":"https:\/\/www.esla.eu\/es\/productos\/escaleras-portatiles\/ft-escalera-de-tijera-con-doble-acceso-fibra-de-vidrio-en131-1-2-y-en-50528\/","title":{"rendered":"FT &#8211; Escalera de tijera con doble acceso fibra de vidrio EN131.1-2 y EN 50528"},"content":{"rendered":"<p><strong>Caracter\u00edsticas a destacar<\/strong><\/p>\n<p>Altura m\u00e1xima de trabajo aproximada (mts): 11<\/p>\n<p>Inclinaci\u00f3n \u00b0: 75<\/p>\n<p>Pelda\u00f1o (mm): 30<\/p>\n<p>Ancho (mm): 400<\/p>\n<p>Separaci\u00f3n pelda\u00f1os (mm): 280<\/p>\n<p><strong>Otros detalles<\/strong><\/p>\n<p>Para aumentar la base de sustentaci\u00f3n, seg\u00fan marca la norma UNE-EN 131, la escalera se dota de travesa\u00f1o base con tacos de goma antideslizante.<\/p>\n<p>Lleva dos cintas antiapertura colocadas entre los dos tramos de la escalera.<\/p>\n<p>Aislante ante agentes el\u00e9ctricos y t\u00e9rmicos.<\/p>\n<p>Antimagn\u00e9ticas y resistentes a la humedad, los \u00e1cidos, la corrosi\u00f3n y los rayos ultravioletas.<\/p>\n<p>Torniller\u00eda y herrajes en acero inoxidable.<\/p>\n<p>Montantes cerrados por tapas y pelda\u00f1os sellados con tapones.<\/p>\n","protected":false},"excerpt":{"rendered":"<p>Caracter\u00edsticas a destacar Altura m\u00e1xima de trabajo aproximada (mts): 11 Inclinaci\u00f3n \u00b0: 75 Pelda\u00f1o (mm): 30 Ancho (mm): 400 Separaci\u00f3n pelda\u00f1os (mm): 280 Otros detalles Para aumentar la base de sustentaci\u00f3n, seg\u00fan marca la norma UNE-EN 131, la escalera se dota de travesa\u00f1o base con tacos de goma antideslizante. Lleva dos cintas antiapertura colocadas entre [&hellip;]<\/p>\n","protected":false},"featured_media":2528,"template":"","meta":{"inline_featured_image":false},"product_brand":[],"product_cat":[43],"product_tag":[],"class_list":{"0":"post-2520","1":"product","2":"type-product","3":"status-publish","4":"has-post-thumbnail","6":"product_cat-escaleras-portatiles","8":"first","9":"instock","10":"shipping-taxable","11":"purchasable","12":"product-type-simple"},"_links":{"self":[{"href":"https:\/\/www.esla.eu\/es\/wp-json\/wp\/v2\/product\/2520","targetHints":{"allow":["GET"]}}],"collection":[{"href":"https:\/\/www.esla.eu\/es\/wp-json\/wp\/v2\/product"}],"about":[{"href":"https:\/\/www.esla.eu\/es\/wp-json\/wp\/v2\/types\/product"}],"wp:featuredmedia":[{"embeddable":true,"href":"https:\/\/www.esla.eu\/es\/wp-json\/wp\/v2\/media\/2528"}],"wp:attachment":[{"href":"https:\/\/www.esla.eu\/es\/wp-json\/wp\/v2\/media?parent=2520"}],"wp:term":[{"taxonomy":"product_brand","embeddable":true,"href":"https:\/\/www.esla.eu\/es\/wp-json\/wp\/v2\/product_brand?post=2520"},{"taxonomy":"product_cat","embeddable":true,"href":"https:\/\/www.esla.eu\/es\/wp-json\/wp\/v2\/product_cat?post=2520"},{"taxonomy":"product_tag","embeddable":true,"href":"https:\/\/www.esla.eu\/es\/wp-json\/wp\/v2\/product_tag?post=2520"}],"curies":[{"name":"wp","href":"https:\/\/api.w.org\/{rel}","templated":true}]}}