{"id":2545,"date":"2024-03-14T12:03:50","date_gmt":"2024-03-14T11:03:50","guid":{"rendered":"https:\/\/esla.crealogica.eu\/?post_type=product&#038;p=2545"},"modified":"2025-05-29T16:05:51","modified_gmt":"2025-05-29T14:05:51","slug":"10102-plataforma-de-trabajo-movil-plegable-60-en131-7","status":"publish","type":"product","link":"https:\/\/www.esla.eu\/es\/productos\/escaleras-con-plataforma\/plataformas-de-trabajo\/10102-plataforma-de-trabajo-movil-plegable-60-en131-7\/","title":{"rendered":"10102 &#8211; Plataforma de trabajo m\u00f3vil plegable 60\u00b0 EN131-7"},"content":{"rendered":"<p style=\"font-weight: 400;\"><b><strong>Caracter\u00edsticas a destacar<\/strong><\/b><\/p>\n<p style=\"font-weight: 400;\">LAS PLATAFORMAS EST\u00c1N DISE\u00d1ADAS PARA USO INTERIOR, EN CASO DE USO EXTERIOR CONSULTAR<\/p>\n<p style=\"font-weight: 400;\">Altura m\u00e1xima de trabajo aproximada (mts): 5<\/p>\n<p style=\"font-weight: 400;\">Inclinaci\u00f3n \u00b0: 60<\/p>\n<p style=\"font-weight: 400;\">Pelda\u00f1o (mm): 200<\/p>\n<p style=\"font-weight: 400;\">Separaci\u00f3n pelda\u00f1os (mm): 250<\/p>\n<p style=\"font-weight: 400;\"><b><strong>Otros detalles<\/strong><\/b><\/p>\n<p style=\"font-weight: 400;\">Perfiler\u00eda extrusionada.<\/p>\n<p style=\"font-weight: 400;\">Plegable con ruedas.<\/p>\n<p style=\"font-weight: 400;\">Plataforma 600 x 600.<\/p>\n<p style=\"font-weight: 400;\">Resistencia horizontal al vuelco 30 quilos.<\/p>\n<p style=\"font-weight: 400;\">Ruedas posteriores 150 mm con freno de palanca.<\/p>\n<p style=\"font-weight: 400;\">Asas delanteras para coger.<\/p>\n","protected":false},"excerpt":{"rendered":"<p>Caracter\u00edsticas a destacar LAS PLATAFORMAS EST\u00c1N DISE\u00d1ADAS PARA USO INTERIOR, EN CASO DE USO EXTERIOR CONSULTAR Altura m\u00e1xima de trabajo aproximada (mts): 5 Inclinaci\u00f3n \u00b0: 60 Pelda\u00f1o (mm): 200 Separaci\u00f3n pelda\u00f1os (mm): 250 Otros detalles Perfiler\u00eda extrusionada. Plegable con ruedas. Plataforma 600 x 600. Resistencia horizontal al vuelco 30 quilos. Ruedas posteriores 150 mm con [&hellip;]<\/p>\n","protected":false},"featured_media":2546,"template":"","meta":{"inline_featured_image":false},"product_brand":[],"product_cat":[39],"product_tag":[],"class_list":{"0":"post-2545","1":"product","2":"type-product","3":"status-publish","4":"has-post-thumbnail","6":"product_cat-plataformas-de-trabajo","8":"first","9":"instock","10":"shipping-taxable","11":"product-type-simple"},"_links":{"self":[{"href":"https:\/\/www.esla.eu\/es\/wp-json\/wp\/v2\/product\/2545","targetHints":{"allow":["GET"]}}],"collection":[{"href":"https:\/\/www.esla.eu\/es\/wp-json\/wp\/v2\/product"}],"about":[{"href":"https:\/\/www.esla.eu\/es\/wp-json\/wp\/v2\/types\/product"}],"wp:featuredmedia":[{"embeddable":true,"href":"https:\/\/www.esla.eu\/es\/wp-json\/wp\/v2\/media\/2546"}],"wp:attachment":[{"href":"https:\/\/www.esla.eu\/es\/wp-json\/wp\/v2\/media?parent=2545"}],"wp:term":[{"taxonomy":"product_brand","embeddable":true,"href":"https:\/\/www.esla.eu\/es\/wp-json\/wp\/v2\/product_brand?post=2545"},{"taxonomy":"product_cat","embeddable":true,"href":"https:\/\/www.esla.eu\/es\/wp-json\/wp\/v2\/product_cat?post=2545"},{"taxonomy":"product_tag","embeddable":true,"href":"https:\/\/www.esla.eu\/es\/wp-json\/wp\/v2\/product_tag?post=2545"}],"curies":[{"name":"wp","href":"https:\/\/api.w.org\/{rel}","templated":true}]}}