{"id":2566,"date":"2024-03-14T12:05:47","date_gmt":"2024-03-14T11:05:47","guid":{"rendered":"https:\/\/esla.crealogica.eu\/?post_type=product&#038;p=2566"},"modified":"2025-05-29T16:05:51","modified_gmt":"2025-05-29T14:05:51","slug":"10180-plataforma-movil-para-cementerios-60-en131-7","status":"publish","type":"product","link":"https:\/\/www.esla.eu\/es\/productos\/escaleras-con-plataforma\/plataformas-de-trabajo\/10180-plataforma-movil-para-cementerios-60-en131-7\/","title":{"rendered":"10180 &#8211; Plataforma m\u00f3vil para cementerios 60\u00b0 EN131-7"},"content":{"rendered":"<p style=\"font-weight: 400;\"><b><strong>Caracter\u00edsticas generales del modelo:<\/strong><\/b><\/p>\n<p style=\"font-weight: 400;\">Doble barandillas en el ascenso y en la plataforma.<\/p>\n<p style=\"font-weight: 400;\">Resistencia al vuelco: 45 Kg (definido en UNE EN 131-7 en uso en exterior para alturas superiores a 2500 mm). Modelo ensayado en laboratorios propios.<\/p>\n<p style=\"font-weight: 400;\">Sistema de fabricaci\u00f3n: escalera fabricada con perfler\u00eda de aluminio atornillada. Con posibilidad de recambio de todas las partes. Bastidor inferior de hierro soldado y pintado.<\/p>\n<p style=\"font-weight: 400;\">Movilidad de la escalera:<\/p>\n<p style=\"font-weight: 400;\">Bastidor de hierro pintado con 4 ruedas giratorias 200 m Bikle modelo L-POTH 200K-CS11 con dos frenos direccionales (modelo RI-05.03)para hacer fijas las ruedas posteriores, con posibilidad de desbloquearlas, y sistema de frenado con una \u00fanica palanca que bloquea los dos giros posibles de las 4 ruedas. El sistema de freno es independiente del bastidor y es sustituible si se da\u00f1a por alg\u00fan golpe o mal uso.<\/p>\n<p style=\"font-weight: 400;\">Con la palanca del sistema de freno en posici\u00f3n desfrenada el tramo de ascenso queda bloqueado para impedir el ascenso de la escalera con las ruedas sin frenar, y se puede ver un cartel de aviso para frenar la escalera.<\/p>\n<p style=\"font-weight: 400;\">Manetas de transporte integradas con la barandilla, sin ning\u00fan saliente , para que los usuarios no puedan utilizarlas como apoyo para subirse. Piezas de aluminio de f\u00e1cil sustituci\u00f3n.<\/p>\n<p style=\"font-weight: 400;\">Cartel se\u00f1alizaci\u00f3n: recordatorio detalles importantes e instrucciones para el usuario.<\/p>\n","protected":false},"excerpt":{"rendered":"<p>Caracter\u00edsticas generales del modelo: Doble barandillas en el ascenso y en la plataforma. Resistencia al vuelco: 45 Kg (definido en UNE EN 131-7 en uso en exterior para alturas superiores a 2500 mm). Modelo ensayado en laboratorios propios. Sistema de fabricaci\u00f3n: escalera fabricada con perfler\u00eda de aluminio atornillada. Con posibilidad de recambio de todas las [&hellip;]<\/p>\n","protected":false},"featured_media":2567,"template":"","meta":{"inline_featured_image":false},"product_brand":[],"product_cat":[39],"product_tag":[],"class_list":{"0":"post-2566","1":"product","2":"type-product","3":"status-publish","4":"has-post-thumbnail","6":"product_cat-plataformas-de-trabajo","8":"first","9":"instock","10":"shipping-taxable","11":"product-type-simple"},"_links":{"self":[{"href":"https:\/\/www.esla.eu\/es\/wp-json\/wp\/v2\/product\/2566","targetHints":{"allow":["GET"]}}],"collection":[{"href":"https:\/\/www.esla.eu\/es\/wp-json\/wp\/v2\/product"}],"about":[{"href":"https:\/\/www.esla.eu\/es\/wp-json\/wp\/v2\/types\/product"}],"wp:featuredmedia":[{"embeddable":true,"href":"https:\/\/www.esla.eu\/es\/wp-json\/wp\/v2\/media\/2567"}],"wp:attachment":[{"href":"https:\/\/www.esla.eu\/es\/wp-json\/wp\/v2\/media?parent=2566"}],"wp:term":[{"taxonomy":"product_brand","embeddable":true,"href":"https:\/\/www.esla.eu\/es\/wp-json\/wp\/v2\/product_brand?post=2566"},{"taxonomy":"product_cat","embeddable":true,"href":"https:\/\/www.esla.eu\/es\/wp-json\/wp\/v2\/product_cat?post=2566"},{"taxonomy":"product_tag","embeddable":true,"href":"https:\/\/www.esla.eu\/es\/wp-json\/wp\/v2\/product_tag?post=2566"}],"curies":[{"name":"wp","href":"https:\/\/api.w.org\/{rel}","templated":true}]}}