{"id":2572,"date":"2024-03-14T12:08:18","date_gmt":"2024-03-14T11:08:18","guid":{"rendered":"https:\/\/esla.crealogica.eu\/?post_type=product&#038;p=2572"},"modified":"2025-05-29T16:05:51","modified_gmt":"2025-05-29T14:05:51","slug":"10170-plataforma-movil-para-cementerios-60-en131-7","status":"publish","type":"product","link":"https:\/\/www.esla.eu\/es\/productos\/escaleras-con-plataforma\/plataformas-de-trabajo\/10170-plataforma-movil-para-cementerios-60-en131-7\/","title":{"rendered":"10170 &#8211; Plataforma m\u00f3vil para cementerios 60\u00b0 EN131-7"},"content":{"rendered":"<p style=\"font-weight: 400;\"><b><strong>Caracter\u00edsticas generales del modelo:<\/strong><\/b><\/p>\n<p style=\"font-weight: 400;\">Doble barandillas en el ascenso y en la plataforma.<\/p>\n<p style=\"font-weight: 400;\">Resistencia al vuelco: 45 Kg (definido en UNE EN 131-7 en uso en exterior para alturas superiores a 2500 mm). Modelo ensayado en laboratorios propios.<\/p>\n<p style=\"font-weight: 400;\">Sistema de fabricaci\u00f3n: escalera fabricada con perfler\u00eda de aluminio atornillada. Con posibilidad de recambio de todas las partes. Estabilizadores se\u00f1alizados en rojo.<\/p>\n<p>Estabilizadores ajustados en tama\u00f1o para tener la distancia adecuada que permita trabajar con los nichos<\/p>\n<p style=\"font-weight: 400;\">Movilidad de la escalera:<\/p>\n<p style=\"font-weight: 400;\">&#8211; 6-8-10 pelda\u00f1os llevan unas manetas para poder levantar mas c\u00f3modamente la plataforma.<\/p>\n<p style=\"font-weight: 400;\">&#8211; 12-14 pelda\u00f1os llevan doble estabilizador con ruedas giratorias.<\/p>\n<p style=\"font-weight: 400;\">Cartel se\u00f1alizaci\u00f3n: recordatorio detalles importantes e instrucciones para el usuario.<\/p>\n","protected":false},"excerpt":{"rendered":"<p>Caracter\u00edsticas generales del modelo: Doble barandillas en el ascenso y en la plataforma. Resistencia al vuelco: 45 Kg (definido en UNE EN 131-7 en uso en exterior para alturas superiores a 2500 mm). Modelo ensayado en laboratorios propios. Sistema de fabricaci\u00f3n: escalera fabricada con perfler\u00eda de aluminio atornillada. Con posibilidad de recambio de todas las [&hellip;]<\/p>\n","protected":false},"featured_media":2573,"template":"","meta":{"inline_featured_image":false},"product_brand":[],"product_cat":[39],"product_tag":[],"class_list":{"0":"post-2572","1":"product","2":"type-product","3":"status-publish","4":"has-post-thumbnail","6":"product_cat-plataformas-de-trabajo","8":"first","9":"instock","10":"shipping-taxable","11":"product-type-simple"},"_links":{"self":[{"href":"https:\/\/www.esla.eu\/es\/wp-json\/wp\/v2\/product\/2572","targetHints":{"allow":["GET"]}}],"collection":[{"href":"https:\/\/www.esla.eu\/es\/wp-json\/wp\/v2\/product"}],"about":[{"href":"https:\/\/www.esla.eu\/es\/wp-json\/wp\/v2\/types\/product"}],"wp:featuredmedia":[{"embeddable":true,"href":"https:\/\/www.esla.eu\/es\/wp-json\/wp\/v2\/media\/2573"}],"wp:attachment":[{"href":"https:\/\/www.esla.eu\/es\/wp-json\/wp\/v2\/media?parent=2572"}],"wp:term":[{"taxonomy":"product_brand","embeddable":true,"href":"https:\/\/www.esla.eu\/es\/wp-json\/wp\/v2\/product_brand?post=2572"},{"taxonomy":"product_cat","embeddable":true,"href":"https:\/\/www.esla.eu\/es\/wp-json\/wp\/v2\/product_cat?post=2572"},{"taxonomy":"product_tag","embeddable":true,"href":"https:\/\/www.esla.eu\/es\/wp-json\/wp\/v2\/product_tag?post=2572"}],"curies":[{"name":"wp","href":"https:\/\/api.w.org\/{rel}","templated":true}]}}