{"id":2701,"date":"2024-03-15T12:06:59","date_gmt":"2024-03-15T11:06:59","guid":{"rendered":"https:\/\/esla.crealogica.eu\/?post_type=product&#038;p=2701"},"modified":"2025-05-29T16:05:50","modified_gmt":"2025-05-29T14:05:50","slug":"8042-escalera-telescopica-transformable-de-4-tramos-en131-1-2","status":"publish","type":"product","link":"https:\/\/www.esla.eu\/es\/productos\/escaleras-portatiles\/8042-escalera-telescopica-transformable-de-4-tramos-en131-1-2\/","title":{"rendered":"8042 &#8211; Escalera telesc\u00f3pica transformable de 4 tramos EN131.1-2"},"content":{"rendered":"<p><strong>Caracter\u00edsticas a destacar<\/strong><\/p>\n<p>Altura m\u00e1xima de trabajo aproximada (mts): 7 apoyada \/ 4 sin apoyar<\/p>\n<p>Inclinaci\u00f3n \u00b0: 75<\/p>\n<p>Pelda\u00f1o (mm): 30<\/p>\n<p>Separaci\u00f3n pelda\u00f1os (mm): 280<\/p>\n<p><strong>Otros detalles<\/strong><\/p>\n<p>Montantes laterales extrusionados ergon\u00f3micos.<\/p>\n<p>Ocupa poco espacio, f\u00e1cilmente transportable.<\/p>\n<p>Asas de bloqueo de fundici\u00f3n de aluminio.<\/p>\n<p>En la posici\u00f3n de tijera se puede plegar la escalera sin quitar la articulaci\u00f3n.<\/p>\n","protected":false},"excerpt":{"rendered":"<p>Caracter\u00edsticas a destacar Altura m\u00e1xima de trabajo aproximada (mts): 7 apoyada \/ 4 sin apoyar Inclinaci\u00f3n \u00b0: 75 Pelda\u00f1o (mm): 30 Separaci\u00f3n pelda\u00f1os (mm): 280 Otros detalles Montantes laterales extrusionados ergon\u00f3micos. Ocupa poco espacio, f\u00e1cilmente transportable. Asas de bloqueo de fundici\u00f3n de aluminio. En la posici\u00f3n de tijera se puede plegar la escalera sin quitar [&hellip;]<\/p>\n","protected":false},"featured_media":2696,"template":"","meta":{"inline_featured_image":false},"product_brand":[],"product_cat":[43],"product_tag":[],"class_list":{"0":"post-2701","1":"product","2":"type-product","3":"status-publish","4":"has-post-thumbnail","6":"product_cat-escaleras-portatiles","8":"first","9":"instock","10":"shipping-taxable","11":"purchasable","12":"product-type-simple"},"_links":{"self":[{"href":"https:\/\/www.esla.eu\/es\/wp-json\/wp\/v2\/product\/2701","targetHints":{"allow":["GET"]}}],"collection":[{"href":"https:\/\/www.esla.eu\/es\/wp-json\/wp\/v2\/product"}],"about":[{"href":"https:\/\/www.esla.eu\/es\/wp-json\/wp\/v2\/types\/product"}],"wp:featuredmedia":[{"embeddable":true,"href":"https:\/\/www.esla.eu\/es\/wp-json\/wp\/v2\/media\/2696"}],"wp:attachment":[{"href":"https:\/\/www.esla.eu\/es\/wp-json\/wp\/v2\/media?parent=2701"}],"wp:term":[{"taxonomy":"product_brand","embeddable":true,"href":"https:\/\/www.esla.eu\/es\/wp-json\/wp\/v2\/product_brand?post=2701"},{"taxonomy":"product_cat","embeddable":true,"href":"https:\/\/www.esla.eu\/es\/wp-json\/wp\/v2\/product_cat?post=2701"},{"taxonomy":"product_tag","embeddable":true,"href":"https:\/\/www.esla.eu\/es\/wp-json\/wp\/v2\/product_tag?post=2701"}],"curies":[{"name":"wp","href":"https:\/\/api.w.org\/{rel}","templated":true}]}}