{"id":2751,"date":"2024-03-18T07:42:27","date_gmt":"2024-03-18T06:42:27","guid":{"rendered":"https:\/\/esla.crealogica.eu\/?post_type=product&#038;p=2751"},"modified":"2025-05-29T16:05:49","modified_gmt":"2025-05-29T14:05:49","slug":"11002-taburete-ligero-de-aluminio-51-en14183","status":"publish","type":"product","link":"https:\/\/www.esla.eu\/es\/productos\/escaleras-con-plataforma\/taburetes-ligeros\/11002-taburete-ligero-de-aluminio-51-en14183\/","title":{"rendered":"11002 &#8211; Taburete ligero de aluminio 51\u00b0 EN14183"},"content":{"rendered":"<p><strong>Caracter\u00edsticas a destacar<\/strong><\/p>\n<p>Altura m\u00e1xima de trabajo aproximada (mts): 3<\/p>\n<p>Inclinaci\u00f3n \u00b0: 51<\/p>\n<p>Pelda\u00f1o (mm): 200 \/ \u00faltimo 300<\/p>\n<p>Separaci\u00f3n pelda\u00f1os (mm): 250<\/p>\n<p><strong>Otros detalles<\/strong><\/p>\n<p>Perfiler\u00eda extrusionada.<\/p>\n<p>Montantes laterales rectangulares.<\/p>\n<p>Totalmente soldada.<\/p>\n<p>La estructura lateral est\u00e1 reforzada individualmente en cada uno de los pelda\u00f1os.<\/p>\n<p>Esta s\u00e9rie busca ocupar el menos espacio posible.<\/p>\n","protected":false},"excerpt":{"rendered":"<p>Caracter\u00edsticas a destacar Altura m\u00e1xima de trabajo aproximada (mts): 3 Inclinaci\u00f3n \u00b0: 51 Pelda\u00f1o (mm): 200 \/ \u00faltimo 300 Separaci\u00f3n pelda\u00f1os (mm): 250 Otros detalles Perfiler\u00eda extrusionada. Montantes laterales rectangulares. Totalmente soldada. La estructura lateral est\u00e1 reforzada individualmente en cada uno de los pelda\u00f1os. Esta s\u00e9rie busca ocupar el menos espacio posible.<\/p>\n","protected":false},"featured_media":2757,"template":"","meta":{"inline_featured_image":false},"product_brand":[],"product_cat":[42],"product_tag":[],"class_list":{"0":"post-2751","1":"product","2":"type-product","3":"status-publish","4":"has-post-thumbnail","6":"product_cat-taburetes-ligeros","8":"first","9":"instock","10":"shipping-taxable","11":"product-type-simple"},"_links":{"self":[{"href":"https:\/\/www.esla.eu\/es\/wp-json\/wp\/v2\/product\/2751","targetHints":{"allow":["GET"]}}],"collection":[{"href":"https:\/\/www.esla.eu\/es\/wp-json\/wp\/v2\/product"}],"about":[{"href":"https:\/\/www.esla.eu\/es\/wp-json\/wp\/v2\/types\/product"}],"wp:featuredmedia":[{"embeddable":true,"href":"https:\/\/www.esla.eu\/es\/wp-json\/wp\/v2\/media\/2757"}],"wp:attachment":[{"href":"https:\/\/www.esla.eu\/es\/wp-json\/wp\/v2\/media?parent=2751"}],"wp:term":[{"taxonomy":"product_brand","embeddable":true,"href":"https:\/\/www.esla.eu\/es\/wp-json\/wp\/v2\/product_brand?post=2751"},{"taxonomy":"product_cat","embeddable":true,"href":"https:\/\/www.esla.eu\/es\/wp-json\/wp\/v2\/product_cat?post=2751"},{"taxonomy":"product_tag","embeddable":true,"href":"https:\/\/www.esla.eu\/es\/wp-json\/wp\/v2\/product_tag?post=2751"}],"curies":[{"name":"wp","href":"https:\/\/api.w.org\/{rel}","templated":true}]}}