{"id":2794,"date":"2024-03-18T08:52:27","date_gmt":"2024-03-18T07:52:27","guid":{"rendered":"https:\/\/esla.crealogica.eu\/?post_type=product&#038;p=2794"},"modified":"2025-05-29T16:05:49","modified_gmt":"2025-05-29T14:05:49","slug":"7075-andamio-movil-advanced-safe-t-con-estabilizador-dimensiones-plataforma-208-x-061-en-1004","status":"publish","type":"product","link":"https:\/\/www.esla.eu\/es\/productos\/andamios-moviles\/7075-andamio-movil-advanced-safe-t-con-estabilizador-dimensiones-plataforma-208-x-061-en-1004\/","title":{"rendered":"7075 &#8211; Andamio m\u00f3vil ADVANCED SAFE-T con estabilizador. Dimensiones plataforma: 2,08 x 0,61 EN 1004"},"content":{"rendered":"<p><strong>Caracter\u00edsticas a destacar<\/strong><\/p>\n<p>Dimensiones plataforma: 2,08 x 0,61 m<\/p>\n<p>Carga m\u00e1xima admisible: 200 kg\/m\u00b2<\/p>\n<p>Importante consultar las\u00a0<strong>instrucciones de montaje y la ficha del producto<\/strong>\u00a0(documentaci\u00f3n producto) por los complementos que ser\u00e1n necesarios seg\u00fan el uso interno, externo y otros.<\/p>\n","protected":false},"excerpt":{"rendered":"<p>Caracter\u00edsticas a destacar Dimensiones plataforma: 2,08 x 0,61 m Carga m\u00e1xima admisible: 200 kg\/m\u00b2 Importante consultar las\u00a0instrucciones de montaje y la ficha del producto\u00a0(documentaci\u00f3n producto) por los complementos que ser\u00e1n necesarios seg\u00fan el uso interno, externo y otros.<\/p>\n","protected":false},"featured_media":2795,"template":"","meta":{"inline_featured_image":false},"product_brand":[],"product_cat":[47],"product_tag":[],"class_list":{"0":"post-2794","1":"product","2":"type-product","3":"status-publish","4":"has-post-thumbnail","6":"product_cat-andamios-moviles","8":"first","9":"instock","10":"shipping-taxable","11":"product-type-simple"},"_links":{"self":[{"href":"https:\/\/www.esla.eu\/es\/wp-json\/wp\/v2\/product\/2794","targetHints":{"allow":["GET"]}}],"collection":[{"href":"https:\/\/www.esla.eu\/es\/wp-json\/wp\/v2\/product"}],"about":[{"href":"https:\/\/www.esla.eu\/es\/wp-json\/wp\/v2\/types\/product"}],"wp:featuredmedia":[{"embeddable":true,"href":"https:\/\/www.esla.eu\/es\/wp-json\/wp\/v2\/media\/2795"}],"wp:attachment":[{"href":"https:\/\/www.esla.eu\/es\/wp-json\/wp\/v2\/media?parent=2794"}],"wp:term":[{"taxonomy":"product_brand","embeddable":true,"href":"https:\/\/www.esla.eu\/es\/wp-json\/wp\/v2\/product_brand?post=2794"},{"taxonomy":"product_cat","embeddable":true,"href":"https:\/\/www.esla.eu\/es\/wp-json\/wp\/v2\/product_cat?post=2794"},{"taxonomy":"product_tag","embeddable":true,"href":"https:\/\/www.esla.eu\/es\/wp-json\/wp\/v2\/product_tag?post=2794"}],"curies":[{"name":"wp","href":"https:\/\/api.w.org\/{rel}","templated":true}]}}