{"id":2993,"date":"2024-03-18T10:04:27","date_gmt":"2024-03-18T09:04:27","guid":{"rendered":"https:\/\/esla.crealogica.eu\/?post_type=product&#038;p=2993"},"modified":"2024-03-18T12:27:50","modified_gmt":"2024-03-18T11:27:50","slug":"2001374-plataforma-elevable-con-escalera-ajustable-tipo-paralelogramo","status":"publish","type":"product","link":"https:\/\/www.esla.eu\/es\/productos\/soluciones-especiales\/plataformas-regulables-y-remolcables\/2001374-plataforma-elevable-con-escalera-ajustable-tipo-paralelogramo\/","title":{"rendered":"2001374 &#8211; Plataforma elevable con escalera ajustable tipo paralelogramo"},"content":{"rendered":"<p>Sistema de elevaci\u00f3n por cremallera con accionamiento manual.<\/p>\n<p>Acceso con escala paralelogramo con adaptaci\u00f3n graduable de la inclinaci\u00f3n.<\/p>\n<p>Lamas frontales extensibles para cubrir todos los espacios.<\/p>\n","protected":false},"excerpt":{"rendered":"<p>Sistema de elevaci\u00f3n por cremallera con accionamiento manual. Acceso con escala paralelogramo con adaptaci\u00f3n graduable de la inclinaci\u00f3n. Lamas frontales extensibles para cubrir todos los espacios.<\/p>\n","protected":false},"featured_media":3009,"template":"","meta":{"inline_featured_image":false},"product_brand":[],"product_cat":[48,52],"product_tag":[],"class_list":{"0":"post-2993","1":"product","2":"type-product","3":"status-publish","4":"has-post-thumbnail","6":"product_cat-plataformas-elevables","7":"product_cat-plataformas-regulables-y-remolcables","9":"first","10":"instock","11":"shipping-taxable","12":"product-type-simple"},"_links":{"self":[{"href":"https:\/\/www.esla.eu\/es\/wp-json\/wp\/v2\/product\/2993","targetHints":{"allow":["GET"]}}],"collection":[{"href":"https:\/\/www.esla.eu\/es\/wp-json\/wp\/v2\/product"}],"about":[{"href":"https:\/\/www.esla.eu\/es\/wp-json\/wp\/v2\/types\/product"}],"wp:featuredmedia":[{"embeddable":true,"href":"https:\/\/www.esla.eu\/es\/wp-json\/wp\/v2\/media\/3009"}],"wp:attachment":[{"href":"https:\/\/www.esla.eu\/es\/wp-json\/wp\/v2\/media?parent=2993"}],"wp:term":[{"taxonomy":"product_brand","embeddable":true,"href":"https:\/\/www.esla.eu\/es\/wp-json\/wp\/v2\/product_brand?post=2993"},{"taxonomy":"product_cat","embeddable":true,"href":"https:\/\/www.esla.eu\/es\/wp-json\/wp\/v2\/product_cat?post=2993"},{"taxonomy":"product_tag","embeddable":true,"href":"https:\/\/www.esla.eu\/es\/wp-json\/wp\/v2\/product_tag?post=2993"}],"curies":[{"name":"wp","href":"https:\/\/api.w.org\/{rel}","templated":true}]}}