{"id":3029,"date":"2024-03-18T10:09:03","date_gmt":"2024-03-18T09:09:03","guid":{"rendered":"https:\/\/esla.crealogica.eu\/?post_type=product&#038;p=3029"},"modified":"2024-03-18T12:26:45","modified_gmt":"2024-03-18T11:26:45","slug":"2000918-plataforma-elevable-con-escalera-extensible-de-acceso-y-ruedas-especiales-para-railes-via","status":"publish","type":"product","link":"https:\/\/www.esla.eu\/es\/productos\/soluciones-especiales\/plataformas-regulables-y-remolcables\/2000918-plataforma-elevable-con-escalera-extensible-de-acceso-y-ruedas-especiales-para-railes-via\/","title":{"rendered":"2000918 &#8211; Plataforma elevable con escalera extensible de acceso y ruedas especiales para ra\u00edles v\u00eda"},"content":{"rendered":"<p>Sistema de elevaci\u00f3n por cremallera con accionamiento manual.<\/p>\n<p>Acceso vertical con escalera extensible.<\/p>\n<p>Ruedas especiales para el desplazamiento por la v\u00eda.<\/p>\n<p>Lamas frontales extensibles para cubrir todos los espacios.<\/p>\n","protected":false},"excerpt":{"rendered":"<p>Sistema de elevaci\u00f3n por cremallera con accionamiento manual. Acceso vertical con escalera extensible. Ruedas especiales para el desplazamiento por la v\u00eda. Lamas frontales extensibles para cubrir todos los espacios.<\/p>\n","protected":false},"featured_media":3045,"template":"","meta":{"inline_featured_image":false},"product_brand":[],"product_cat":[48,52],"product_tag":[],"class_list":{"0":"post-3029","1":"product","2":"type-product","3":"status-publish","4":"has-post-thumbnail","6":"product_cat-plataformas-elevables","7":"product_cat-plataformas-regulables-y-remolcables","9":"first","10":"instock","11":"shipping-taxable","12":"product-type-simple"},"_links":{"self":[{"href":"https:\/\/www.esla.eu\/es\/wp-json\/wp\/v2\/product\/3029","targetHints":{"allow":["GET"]}}],"collection":[{"href":"https:\/\/www.esla.eu\/es\/wp-json\/wp\/v2\/product"}],"about":[{"href":"https:\/\/www.esla.eu\/es\/wp-json\/wp\/v2\/types\/product"}],"wp:featuredmedia":[{"embeddable":true,"href":"https:\/\/www.esla.eu\/es\/wp-json\/wp\/v2\/media\/3045"}],"wp:attachment":[{"href":"https:\/\/www.esla.eu\/es\/wp-json\/wp\/v2\/media?parent=3029"}],"wp:term":[{"taxonomy":"product_brand","embeddable":true,"href":"https:\/\/www.esla.eu\/es\/wp-json\/wp\/v2\/product_brand?post=3029"},{"taxonomy":"product_cat","embeddable":true,"href":"https:\/\/www.esla.eu\/es\/wp-json\/wp\/v2\/product_cat?post=3029"},{"taxonomy":"product_tag","embeddable":true,"href":"https:\/\/www.esla.eu\/es\/wp-json\/wp\/v2\/product_tag?post=3029"}],"curies":[{"name":"wp","href":"https:\/\/api.w.org\/{rel}","templated":true}]}}