{"id":3060,"date":"2024-03-18T10:11:54","date_gmt":"2024-03-18T09:11:54","guid":{"rendered":"https:\/\/esla.crealogica.eu\/?post_type=product&#038;p=3060"},"modified":"2024-03-18T12:28:13","modified_gmt":"2024-03-18T11:28:13","slug":"2001446-escalera-con-plataforma-elevable","status":"publish","type":"product","link":"https:\/\/www.esla.eu\/es\/productos\/soluciones-especiales\/plataformas-regulables-y-remolcables\/2001446-escalera-con-plataforma-elevable\/","title":{"rendered":"2001446 &#8211; Escalera con plataforma elevable"},"content":{"rendered":"<p>Plataforma en aluminio de elevaci\u00f3n por mantenimiento ferroviario<\/p>\n<p>&#8211; Sistema de elevaci\u00f3n manual mediante una cremallera y unas manivelas<\/p>\n<p>&#8211; Equipada con 4 ruedas triples<\/p>\n<p>&#8211; La plataforma est\u00e1 formada por 3 partes<\/p>\n<p>1) Escalera fija de acceso de inclinaci\u00f3n 60\u00b0<\/p>\n<p>2) Parte elevable de los escalones, que se pliegan y van corrigiendo la inclinaci\u00f3n durante la elevaci\u00f3n.<\/p>\n<p>3) Plataforma que sube y baja. \u00c9sta tambi\u00e9n es extensible, y tiene una barandilla frontal abatible para facilitar los trabajos de mantenimiento.<\/p>\n","protected":false},"excerpt":{"rendered":"<p>Plataforma en aluminio de elevaci\u00f3n por mantenimiento ferroviario &#8211; Sistema de elevaci\u00f3n manual mediante una cremallera y unas manivelas &#8211; Equipada con 4 ruedas triples &#8211; La plataforma est\u00e1 formada por 3 partes 1) Escalera fija de acceso de inclinaci\u00f3n 60\u00b0 2) Parte elevable de los escalones, que se pliegan y van corrigiendo la inclinaci\u00f3n [&hellip;]<\/p>\n","protected":false},"featured_media":3071,"template":"","meta":{"inline_featured_image":false},"product_brand":[],"product_cat":[48,52],"product_tag":[],"class_list":{"0":"post-3060","1":"product","2":"type-product","3":"status-publish","4":"has-post-thumbnail","6":"product_cat-plataformas-elevables","7":"product_cat-plataformas-regulables-y-remolcables","9":"first","10":"instock","11":"shipping-taxable","12":"product-type-simple"},"_links":{"self":[{"href":"https:\/\/www.esla.eu\/es\/wp-json\/wp\/v2\/product\/3060","targetHints":{"allow":["GET"]}}],"collection":[{"href":"https:\/\/www.esla.eu\/es\/wp-json\/wp\/v2\/product"}],"about":[{"href":"https:\/\/www.esla.eu\/es\/wp-json\/wp\/v2\/types\/product"}],"wp:featuredmedia":[{"embeddable":true,"href":"https:\/\/www.esla.eu\/es\/wp-json\/wp\/v2\/media\/3071"}],"wp:attachment":[{"href":"https:\/\/www.esla.eu\/es\/wp-json\/wp\/v2\/media?parent=3060"}],"wp:term":[{"taxonomy":"product_brand","embeddable":true,"href":"https:\/\/www.esla.eu\/es\/wp-json\/wp\/v2\/product_brand?post=3060"},{"taxonomy":"product_cat","embeddable":true,"href":"https:\/\/www.esla.eu\/es\/wp-json\/wp\/v2\/product_cat?post=3060"},{"taxonomy":"product_tag","embeddable":true,"href":"https:\/\/www.esla.eu\/es\/wp-json\/wp\/v2\/product_tag?post=3060"}],"curies":[{"name":"wp","href":"https:\/\/api.w.org\/{rel}","templated":true}]}}