{"id":3113,"date":"2024-03-18T10:21:27","date_gmt":"2024-03-18T09:21:27","guid":{"rendered":"https:\/\/esla.crealogica.eu\/?post_type=product&#038;p=3113"},"modified":"2024-03-18T12:28:32","modified_gmt":"2024-03-18T11:28:32","slug":"2001479-plataforma-movil-elevable-con-ruedas-especiales-para-rail-via","status":"publish","type":"product","link":"https:\/\/www.esla.eu\/es\/productos\/soluciones-especiales\/plataformas-regulables-y-remolcables\/2001479-plataforma-movil-elevable-con-ruedas-especiales-para-rail-via\/","title":{"rendered":"2001479 &#8211; Plataforma m\u00f3vil elevable con ruedas especiales para rail via"},"content":{"rendered":"<p>Plataforma m\u00f3vil en aluminio elevable para mantenimiento ferroviario<\/p>\n<p>&#8211; Sistema de elevaci\u00f3n manual con cilindro hidr\u00e1ulico<\/p>\n<p>&#8211; Ruedas especiales para rail<\/p>\n<p>&#8211; Lamas frontales extensibles<\/p>\n<p>&#8211; Pies regulables para foso<\/p>\n","protected":false},"excerpt":{"rendered":"<p>Plataforma m\u00f3vil en aluminio elevable para mantenimiento ferroviario &#8211; Sistema de elevaci\u00f3n manual con cilindro hidr\u00e1ulico &#8211; Ruedas especiales para rail &#8211; Lamas frontales extensibles &#8211; Pies regulables para foso<\/p>\n","protected":false},"featured_media":3129,"template":"","meta":{"inline_featured_image":false},"product_brand":[],"product_cat":[48,52],"product_tag":[],"class_list":{"0":"post-3113","1":"product","2":"type-product","3":"status-publish","4":"has-post-thumbnail","6":"product_cat-plataformas-elevables","7":"product_cat-plataformas-regulables-y-remolcables","9":"first","10":"instock","11":"shipping-taxable","12":"product-type-simple"},"_links":{"self":[{"href":"https:\/\/www.esla.eu\/es\/wp-json\/wp\/v2\/product\/3113","targetHints":{"allow":["GET"]}}],"collection":[{"href":"https:\/\/www.esla.eu\/es\/wp-json\/wp\/v2\/product"}],"about":[{"href":"https:\/\/www.esla.eu\/es\/wp-json\/wp\/v2\/types\/product"}],"wp:featuredmedia":[{"embeddable":true,"href":"https:\/\/www.esla.eu\/es\/wp-json\/wp\/v2\/media\/3129"}],"wp:attachment":[{"href":"https:\/\/www.esla.eu\/es\/wp-json\/wp\/v2\/media?parent=3113"}],"wp:term":[{"taxonomy":"product_brand","embeddable":true,"href":"https:\/\/www.esla.eu\/es\/wp-json\/wp\/v2\/product_brand?post=3113"},{"taxonomy":"product_cat","embeddable":true,"href":"https:\/\/www.esla.eu\/es\/wp-json\/wp\/v2\/product_cat?post=3113"},{"taxonomy":"product_tag","embeddable":true,"href":"https:\/\/www.esla.eu\/es\/wp-json\/wp\/v2\/product_tag?post=3113"}],"curies":[{"name":"wp","href":"https:\/\/api.w.org\/{rel}","templated":true}]}}