{"id":3134,"date":"2024-03-18T10:23:44","date_gmt":"2024-03-18T09:23:44","guid":{"rendered":"https:\/\/esla.crealogica.eu\/?post_type=product&#038;p=3134"},"modified":"2024-03-18T12:28:56","modified_gmt":"2024-03-18T11:28:56","slug":"2001503-04-05-conjunto-plataformas-moviles-elevables-y-ajustables-para-mantenimiento-depositos","status":"publish","type":"product","link":"https:\/\/www.esla.eu\/es\/productos\/soluciones-especiales\/plataformas-regulables-y-remolcables\/2001503-04-05-conjunto-plataformas-moviles-elevables-y-ajustables-para-mantenimiento-depositos\/","title":{"rendered":"2001503-04-05 &#8211; Conjunto plataformas m\u00f3viles elevables y ajustables para mantenimiento dep\u00f3sitos"},"content":{"rendered":"<p>-Elevaci\u00f3n manual con sistema cremallera<\/p>\n<p>-Escalera acceso paralelogramo que cambia la inclinaci\u00f3n para adaptarse a la regulaci\u00f3n<\/p>\n<p>-El conjunto tiene 4 piezas:<\/p>\n<p>-2 elevables, 1 con acceso<\/p>\n<p>-2 pasarelas<\/p>\n","protected":false},"excerpt":{"rendered":"<p>-Elevaci\u00f3n manual con sistema cremallera -Escalera acceso paralelogramo que cambia la inclinaci\u00f3n para adaptarse a la regulaci\u00f3n -El conjunto tiene 4 piezas: -2 elevables, 1 con acceso -2 pasarelas<\/p>\n","protected":false},"featured_media":3145,"template":"","meta":{"inline_featured_image":false},"product_brand":[],"product_cat":[48,52],"product_tag":[],"class_list":{"0":"post-3134","1":"product","2":"type-product","3":"status-publish","4":"has-post-thumbnail","6":"product_cat-plataformas-elevables","7":"product_cat-plataformas-regulables-y-remolcables","9":"first","10":"instock","11":"shipping-taxable","12":"product-type-simple"},"_links":{"self":[{"href":"https:\/\/www.esla.eu\/es\/wp-json\/wp\/v2\/product\/3134","targetHints":{"allow":["GET"]}}],"collection":[{"href":"https:\/\/www.esla.eu\/es\/wp-json\/wp\/v2\/product"}],"about":[{"href":"https:\/\/www.esla.eu\/es\/wp-json\/wp\/v2\/types\/product"}],"wp:featuredmedia":[{"embeddable":true,"href":"https:\/\/www.esla.eu\/es\/wp-json\/wp\/v2\/media\/3145"}],"wp:attachment":[{"href":"https:\/\/www.esla.eu\/es\/wp-json\/wp\/v2\/media?parent=3134"}],"wp:term":[{"taxonomy":"product_brand","embeddable":true,"href":"https:\/\/www.esla.eu\/es\/wp-json\/wp\/v2\/product_brand?post=3134"},{"taxonomy":"product_cat","embeddable":true,"href":"https:\/\/www.esla.eu\/es\/wp-json\/wp\/v2\/product_cat?post=3134"},{"taxonomy":"product_tag","embeddable":true,"href":"https:\/\/www.esla.eu\/es\/wp-json\/wp\/v2\/product_tag?post=3134"}],"curies":[{"name":"wp","href":"https:\/\/api.w.org\/{rel}","templated":true}]}}