{"id":3181,"date":"2024-03-18T10:28:15","date_gmt":"2024-03-18T09:28:15","guid":{"rendered":"https:\/\/esla.crealogica.eu\/?post_type=product&#038;p=3181"},"modified":"2025-01-17T12:37:59","modified_gmt":"2025-01-17T11:37:59","slug":"2001559-plataforma-de-acceso-al-techo-de-los-autobuses","status":"publish","type":"product","link":"https:\/\/www.esla.eu\/es\/productos\/soluciones-especiales\/plataformas-regulables-y-remolcables\/2001559-plataforma-de-acceso-al-techo-de-los-autobuses\/","title":{"rendered":"2001559 &#8211; Plataforma de acceso al techo de los autobuses"},"content":{"rendered":"<p>Acceder con seguridad al techo de los autobuses<\/p>\n<p>-Plataforma m\u00f3bil regulable en altura para acceder al techo de los autobuses con toda seguridad<\/p>\n<p>-La regulaci\u00f3n en altura de 2700 a 3700 mm permite trabajar encima de diferentes tipos de autob\u00fas<\/p>\n<p>-4 ruedas 200 mm con freno que permiten desplazar la plataforma<\/p>\n<p>-Equipada con pies niveladores asegurando una gran estabilidad en posici\u00f3n de trabajo<\/p>\n<p>-Conjunto barandilla superior plegable de forma articulada que permite a los trabajadores trabajar en el techo con toda seguridad<\/p>\n<p>-Escalera de acceso en paral.lelogramo que varia su \u00e1ngulo de inclinaci\u00f3n en la regulaci\u00f3n<\/p>\n<p>-Carga admisible 3 personas + materiales<\/p>\n<p>-La regulaci\u00f3n se realiza mediante una cremallera que una sola persona puede activar<\/p>\n<p>-Bastidor inferior en acero pintado para dar ina mejor estabilidad y rigideza<\/p>\n<p>-Estructura en aluminio<\/p>\n<p>-Plataforma de 5000 mm con chapa lagrimada<\/p>\n<p>-Protecci\u00f3n con goma en toda la longitud en contacto con el autob\u00fas<\/p>\n<p>-Altura barandillas 1100 mm + rodapi\u00e9s<\/p>\n","protected":false},"excerpt":{"rendered":"<p>Acceder con seguridad al techo de los autobuses -Plataforma m\u00f3bil regulable en altura para acceder al techo de los autobuses con toda seguridad -La regulaci\u00f3n en altura de 2700 a 3700 mm permite trabajar encima de diferentes tipos de autob\u00fas -4 ruedas 200 mm con freno que permiten desplazar la plataforma -Equipada con pies niveladores [&hellip;]<\/p>\n","protected":false},"featured_media":12103,"template":"","meta":{"inline_featured_image":false},"product_brand":[],"product_cat":[48,52],"product_tag":[],"class_list":{"0":"post-3181","1":"product","2":"type-product","3":"status-publish","4":"has-post-thumbnail","6":"product_cat-plataformas-elevables","7":"product_cat-plataformas-regulables-y-remolcables","9":"first","10":"instock","11":"shipping-taxable","12":"product-type-simple"},"_links":{"self":[{"href":"https:\/\/www.esla.eu\/es\/wp-json\/wp\/v2\/product\/3181","targetHints":{"allow":["GET"]}}],"collection":[{"href":"https:\/\/www.esla.eu\/es\/wp-json\/wp\/v2\/product"}],"about":[{"href":"https:\/\/www.esla.eu\/es\/wp-json\/wp\/v2\/types\/product"}],"wp:featuredmedia":[{"embeddable":true,"href":"https:\/\/www.esla.eu\/es\/wp-json\/wp\/v2\/media\/12103"}],"wp:attachment":[{"href":"https:\/\/www.esla.eu\/es\/wp-json\/wp\/v2\/media?parent=3181"}],"wp:term":[{"taxonomy":"product_brand","embeddable":true,"href":"https:\/\/www.esla.eu\/es\/wp-json\/wp\/v2\/product_brand?post=3181"},{"taxonomy":"product_cat","embeddable":true,"href":"https:\/\/www.esla.eu\/es\/wp-json\/wp\/v2\/product_cat?post=3181"},{"taxonomy":"product_tag","embeddable":true,"href":"https:\/\/www.esla.eu\/es\/wp-json\/wp\/v2\/product_tag?post=3181"}],"curies":[{"name":"wp","href":"https:\/\/api.w.org\/{rel}","templated":true}]}}