{"id":3308,"date":"2024-03-18T10:45:07","date_gmt":"2024-03-18T09:45:07","guid":{"rendered":"https:\/\/esla.crealogica.eu\/?post_type=product&#038;p=3308"},"modified":"2024-03-18T10:45:09","modified_gmt":"2024-03-18T09:45:09","slug":"2001574-plataforma-movil-de-aluminio-con-barandillas-regulables","status":"publish","type":"product","link":"https:\/\/www.esla.eu\/es\/productos\/soluciones-especiales\/plataformas-moviles\/2001574-plataforma-movil-de-aluminio-con-barandillas-regulables\/","title":{"rendered":"2001574 &#8211; Plataforma m\u00f3vil de aluminio con barandillas regulables"},"content":{"rendered":"<p>&#8211; Dise\u00f1ada para acceder al techo del tranv\u00eda<\/p>\n<p>&#8211; El conjunto barandilla superior es regulable en altura<\/p>\n<p>&#8211; Dispone de unos pies niveladores<\/p>\n<p>&#8211; Bastidor inferior en acero y el resto de la estructura en aluminio<\/p>\n<p>&#8211; Ruedas triples para garantizar una buena transportabilidad de la plataforma<\/p>\n<p>&#8211; El bastidor tiene unos alojamientos previstos para poder trasladarla con un carrito<\/p>\n","protected":false},"excerpt":{"rendered":"<p>&#8211; Dise\u00f1ada para acceder al techo del tranv\u00eda &#8211; El conjunto barandilla superior es regulable en altura &#8211; Dispone de unos pies niveladores &#8211; Bastidor inferior en acero y el resto de la estructura en aluminio &#8211; Ruedas triples para garantizar una buena transportabilidad de la plataforma &#8211; El bastidor tiene unos alojamientos previstos para [&hellip;]<\/p>\n","protected":false},"featured_media":3319,"template":"","meta":{"inline_featured_image":false},"product_brand":[],"product_cat":[50],"product_tag":[],"class_list":{"0":"post-3308","1":"product","2":"type-product","3":"status-publish","4":"has-post-thumbnail","6":"product_cat-plataformas-moviles","8":"first","9":"instock","10":"shipping-taxable","11":"product-type-simple"},"_links":{"self":[{"href":"https:\/\/www.esla.eu\/es\/wp-json\/wp\/v2\/product\/3308","targetHints":{"allow":["GET"]}}],"collection":[{"href":"https:\/\/www.esla.eu\/es\/wp-json\/wp\/v2\/product"}],"about":[{"href":"https:\/\/www.esla.eu\/es\/wp-json\/wp\/v2\/types\/product"}],"wp:featuredmedia":[{"embeddable":true,"href":"https:\/\/www.esla.eu\/es\/wp-json\/wp\/v2\/media\/3319"}],"wp:attachment":[{"href":"https:\/\/www.esla.eu\/es\/wp-json\/wp\/v2\/media?parent=3308"}],"wp:term":[{"taxonomy":"product_brand","embeddable":true,"href":"https:\/\/www.esla.eu\/es\/wp-json\/wp\/v2\/product_brand?post=3308"},{"taxonomy":"product_cat","embeddable":true,"href":"https:\/\/www.esla.eu\/es\/wp-json\/wp\/v2\/product_cat?post=3308"},{"taxonomy":"product_tag","embeddable":true,"href":"https:\/\/www.esla.eu\/es\/wp-json\/wp\/v2\/product_tag?post=3308"}],"curies":[{"name":"wp","href":"https:\/\/api.w.org\/{rel}","templated":true}]}}