{"id":3357,"date":"2024-03-18T10:50:56","date_gmt":"2024-03-18T09:50:56","guid":{"rendered":"https:\/\/esla.crealogica.eu\/?post_type=product&#038;p=3357"},"modified":"2024-03-18T10:50:58","modified_gmt":"2024-03-18T09:50:58","slug":"2011052-plataforma-para-mantenimiento-aeronautico","status":"publish","type":"product","link":"https:\/\/www.esla.eu\/es\/productos\/soluciones-especiales\/plataformas-moviles\/2011052-plataforma-para-mantenimiento-aeronautico\/","title":{"rendered":"2011052 &#8211; Plataforma para mantenimiento aeron\u00e1utico"},"content":{"rendered":"<p>-Pintada en blanco por demanda del cliente<\/p>\n<p>-Puerta autom\u00e1tica<\/p>\n<p>-Primer y \u00faltimo pelda\u00f1o con se\u00f1ales de advertencia<\/p>\n<p>-Ruedas especiales con protectores<\/p>\n<p>-Barras para fijar la escalera<\/p>\n<p>-Escalera de 35\u00b0<\/p>\n","protected":false},"excerpt":{"rendered":"<p>-Pintada en blanco por demanda del cliente -Puerta autom\u00e1tica -Primer y \u00faltimo pelda\u00f1o con se\u00f1ales de advertencia -Ruedas especiales con protectores -Barras para fijar la escalera -Escalera de 35\u00b0<\/p>\n","protected":false},"featured_media":3363,"template":"","meta":{"inline_featured_image":false},"product_brand":[],"product_cat":[50],"product_tag":[],"class_list":{"0":"post-3357","1":"product","2":"type-product","3":"status-publish","4":"has-post-thumbnail","6":"product_cat-plataformas-moviles","8":"first","9":"instock","10":"shipping-taxable","11":"product-type-simple"},"_links":{"self":[{"href":"https:\/\/www.esla.eu\/es\/wp-json\/wp\/v2\/product\/3357","targetHints":{"allow":["GET"]}}],"collection":[{"href":"https:\/\/www.esla.eu\/es\/wp-json\/wp\/v2\/product"}],"about":[{"href":"https:\/\/www.esla.eu\/es\/wp-json\/wp\/v2\/types\/product"}],"wp:featuredmedia":[{"embeddable":true,"href":"https:\/\/www.esla.eu\/es\/wp-json\/wp\/v2\/media\/3363"}],"wp:attachment":[{"href":"https:\/\/www.esla.eu\/es\/wp-json\/wp\/v2\/media?parent=3357"}],"wp:term":[{"taxonomy":"product_brand","embeddable":true,"href":"https:\/\/www.esla.eu\/es\/wp-json\/wp\/v2\/product_brand?post=3357"},{"taxonomy":"product_cat","embeddable":true,"href":"https:\/\/www.esla.eu\/es\/wp-json\/wp\/v2\/product_cat?post=3357"},{"taxonomy":"product_tag","embeddable":true,"href":"https:\/\/www.esla.eu\/es\/wp-json\/wp\/v2\/product_tag?post=3357"}],"curies":[{"name":"wp","href":"https:\/\/api.w.org\/{rel}","templated":true}]}}