{"id":3449,"date":"2024-03-18T11:14:05","date_gmt":"2024-03-18T10:14:05","guid":{"rendered":"https:\/\/esla.crealogica.eu\/?post_type=product&#038;p=3449"},"modified":"2024-03-18T11:14:08","modified_gmt":"2024-03-18T10:14:08","slug":"2001434-plataforma-movil","status":"publish","type":"product","link":"https:\/\/www.esla.eu\/es\/productos\/soluciones-especiales\/plataformas-moviles\/2001434-plataforma-movil\/","title":{"rendered":"2001434 &#8211; Plataforma m\u00f3vil"},"content":{"rendered":"<p>Plataforma m\u00f3vil en aluminio para mantenimiento de helic\u00f3pteros<\/p>\n<p>&#8211; Pies niveladores<\/p>\n<p>&#8211; Voladizo lateral<\/p>\n","protected":false},"excerpt":{"rendered":"<p>Plataforma m\u00f3vil en aluminio para mantenimiento de helic\u00f3pteros &#8211; Pies niveladores &#8211; Voladizo lateral<\/p>\n","protected":false},"featured_media":3460,"template":"","meta":{"inline_featured_image":false},"product_brand":[],"product_cat":[50],"product_tag":[],"class_list":{"0":"post-3449","1":"product","2":"type-product","3":"status-publish","4":"has-post-thumbnail","6":"product_cat-plataformas-moviles","8":"first","9":"instock","10":"shipping-taxable","11":"product-type-simple"},"_links":{"self":[{"href":"https:\/\/www.esla.eu\/es\/wp-json\/wp\/v2\/product\/3449","targetHints":{"allow":["GET"]}}],"collection":[{"href":"https:\/\/www.esla.eu\/es\/wp-json\/wp\/v2\/product"}],"about":[{"href":"https:\/\/www.esla.eu\/es\/wp-json\/wp\/v2\/types\/product"}],"wp:featuredmedia":[{"embeddable":true,"href":"https:\/\/www.esla.eu\/es\/wp-json\/wp\/v2\/media\/3460"}],"wp:attachment":[{"href":"https:\/\/www.esla.eu\/es\/wp-json\/wp\/v2\/media?parent=3449"}],"wp:term":[{"taxonomy":"product_brand","embeddable":true,"href":"https:\/\/www.esla.eu\/es\/wp-json\/wp\/v2\/product_brand?post=3449"},{"taxonomy":"product_cat","embeddable":true,"href":"https:\/\/www.esla.eu\/es\/wp-json\/wp\/v2\/product_cat?post=3449"},{"taxonomy":"product_tag","embeddable":true,"href":"https:\/\/www.esla.eu\/es\/wp-json\/wp\/v2\/product_tag?post=3449"}],"curies":[{"name":"wp","href":"https:\/\/api.w.org\/{rel}","templated":true}]}}