{"id":3481,"date":"2024-03-18T11:18:17","date_gmt":"2024-03-18T10:18:17","guid":{"rendered":"https:\/\/esla.crealogica.eu\/?post_type=product&#038;p=3481"},"modified":"2024-03-18T11:18:18","modified_gmt":"2024-03-18T10:18:18","slug":"2011017-plataforma-movil-de-acceso","status":"publish","type":"product","link":"https:\/\/www.esla.eu\/es\/productos\/soluciones-especiales\/plataformas-moviles\/2011017-plataforma-movil-de-acceso\/","title":{"rendered":"2011017 &#8211; Plataforma m\u00f3vil de acceso"},"content":{"rendered":"<p>Plataforma m\u00f3vil de aluminio para acceder dentro de una m\u00e1quina<\/p>\n<p>&#8211; 4 ruedas giratorias<\/p>\n<p>&#8211; Voladizo<\/p>\n<p>&#8211; Barandilla protecci\u00f3n<\/p>\n","protected":false},"excerpt":{"rendered":"<p>Plataforma m\u00f3vil de aluminio para acceder dentro de una m\u00e1quina &#8211; 4 ruedas giratorias &#8211; Voladizo &#8211; Barandilla protecci\u00f3n<\/p>\n","protected":false},"featured_media":3492,"template":"","meta":{"inline_featured_image":false},"product_brand":[],"product_cat":[50],"product_tag":[],"class_list":{"0":"post-3481","1":"product","2":"type-product","3":"status-publish","4":"has-post-thumbnail","6":"product_cat-plataformas-moviles","8":"first","9":"instock","10":"shipping-taxable","11":"product-type-simple"},"_links":{"self":[{"href":"https:\/\/www.esla.eu\/es\/wp-json\/wp\/v2\/product\/3481","targetHints":{"allow":["GET"]}}],"collection":[{"href":"https:\/\/www.esla.eu\/es\/wp-json\/wp\/v2\/product"}],"about":[{"href":"https:\/\/www.esla.eu\/es\/wp-json\/wp\/v2\/types\/product"}],"wp:featuredmedia":[{"embeddable":true,"href":"https:\/\/www.esla.eu\/es\/wp-json\/wp\/v2\/media\/3492"}],"wp:attachment":[{"href":"https:\/\/www.esla.eu\/es\/wp-json\/wp\/v2\/media?parent=3481"}],"wp:term":[{"taxonomy":"product_brand","embeddable":true,"href":"https:\/\/www.esla.eu\/es\/wp-json\/wp\/v2\/product_brand?post=3481"},{"taxonomy":"product_cat","embeddable":true,"href":"https:\/\/www.esla.eu\/es\/wp-json\/wp\/v2\/product_cat?post=3481"},{"taxonomy":"product_tag","embeddable":true,"href":"https:\/\/www.esla.eu\/es\/wp-json\/wp\/v2\/product_tag?post=3481"}],"curies":[{"name":"wp","href":"https:\/\/api.w.org\/{rel}","templated":true}]}}