{"id":3524,"date":"2024-03-18T11:25:04","date_gmt":"2024-03-18T10:25:04","guid":{"rendered":"https:\/\/esla.crealogica.eu\/?post_type=product&#038;p=3524"},"modified":"2024-03-18T11:25:04","modified_gmt":"2024-03-18T10:25:04","slug":"2030152-puente-movil","status":"publish","type":"product","link":"https:\/\/www.esla.eu\/es\/productos\/soluciones-especiales\/puentes\/2030152-puente-movil\/","title":{"rendered":"2030152 &#8211; Puente m\u00f3vil"},"content":{"rendered":"<p>Puente m\u00f3vil en aluminio para el mantenimiento de una linea de un almac\u00e9n log\u00edstico<\/p>\n<p>&#8211; Acceso con escalera articulada<\/p>\n<p>&#8211; Longitud 5,500 mm x 4,000 mm<\/p>\n","protected":false},"excerpt":{"rendered":"<p>Puente m\u00f3vil en aluminio para el mantenimiento de una linea de un almac\u00e9n log\u00edstico &#8211; Acceso con escalera articulada &#8211; Longitud 5,500 mm x 4,000 mm<\/p>\n","protected":false},"featured_media":3525,"template":"","meta":{"inline_featured_image":false},"product_brand":[],"product_cat":[53],"product_tag":[],"class_list":{"0":"post-3524","1":"product","2":"type-product","3":"status-publish","4":"has-post-thumbnail","6":"product_cat-puentes","8":"first","9":"instock","10":"shipping-taxable","11":"product-type-simple"},"_links":{"self":[{"href":"https:\/\/www.esla.eu\/es\/wp-json\/wp\/v2\/product\/3524","targetHints":{"allow":["GET"]}}],"collection":[{"href":"https:\/\/www.esla.eu\/es\/wp-json\/wp\/v2\/product"}],"about":[{"href":"https:\/\/www.esla.eu\/es\/wp-json\/wp\/v2\/types\/product"}],"wp:featuredmedia":[{"embeddable":true,"href":"https:\/\/www.esla.eu\/es\/wp-json\/wp\/v2\/media\/3525"}],"wp:attachment":[{"href":"https:\/\/www.esla.eu\/es\/wp-json\/wp\/v2\/media?parent=3524"}],"wp:term":[{"taxonomy":"product_brand","embeddable":true,"href":"https:\/\/www.esla.eu\/es\/wp-json\/wp\/v2\/product_brand?post=3524"},{"taxonomy":"product_cat","embeddable":true,"href":"https:\/\/www.esla.eu\/es\/wp-json\/wp\/v2\/product_cat?post=3524"},{"taxonomy":"product_tag","embeddable":true,"href":"https:\/\/www.esla.eu\/es\/wp-json\/wp\/v2\/product_tag?post=3524"}],"curies":[{"name":"wp","href":"https:\/\/api.w.org\/{rel}","templated":true}]}}