{"id":3627,"date":"2024-03-18T11:38:45","date_gmt":"2024-03-18T10:38:45","guid":{"rendered":"https:\/\/esla.crealogica.eu\/?post_type=product&#038;p=3627"},"modified":"2025-05-29T16:05:45","modified_gmt":"2025-05-29T14:05:45","slug":"8483-escaleras-tijera-con-plataforma-grande-en131-1-2","status":"publish","type":"product","link":"https:\/\/www.esla.eu\/es\/productos\/escaleras-portatiles\/8483-escaleras-tijera-con-plataforma-grande-en131-1-2\/","title":{"rendered":"8483 &#8211; Escaleras tijera con plataforma grande EN131.1-2"},"content":{"rendered":"<p><strong>Caracter\u00edsticas a destacar<\/strong><\/p>\n<p>Altura m\u00e1xima de trabajo aproximada (mts): 3,36<\/p>\n<p>Inclinaci\u00f3n \u00b0: 68<\/p>\n<p>Pelda\u00f1o (mm): 50<\/p>\n<p>Separaci\u00f3n pelda\u00f1os (mm): 250<\/p>\n<p><strong>Otros detalles<\/strong><\/p>\n<p>Apoyo estable gracias al estabilizador con regulaci\u00f3n continua (a partir del tama\u00f1o 4).<\/p>\n<p>Bandeja funcional con posibilidad de montaje en dos alturas.<\/p>\n<p>Plataforma espaciosa de 600\u00d7425 mm.<\/p>\n<p>Desplazamiento c\u00f3modo gracias a las ruedas basculantes<\/p>\n","protected":false},"excerpt":{"rendered":"<p>Caracter\u00edsticas a destacar Altura m\u00e1xima de trabajo aproximada (mts): 3,36 Inclinaci\u00f3n \u00b0: 68 Pelda\u00f1o (mm): 50 Separaci\u00f3n pelda\u00f1os (mm): 250 Otros detalles Apoyo estable gracias al estabilizador con regulaci\u00f3n continua (a partir del tama\u00f1o 4). Bandeja funcional con posibilidad de montaje en dos alturas. Plataforma espaciosa de 600\u00d7425 mm. Desplazamiento c\u00f3modo gracias a las ruedas [&hellip;]<\/p>\n","protected":false},"featured_media":3675,"template":"","meta":{"inline_featured_image":false},"product_brand":[],"product_cat":[43],"product_tag":[],"class_list":{"0":"post-3627","1":"product","2":"type-product","3":"status-publish","4":"has-post-thumbnail","6":"product_cat-escaleras-portatiles","8":"first","9":"instock","10":"shipping-taxable","11":"purchasable","12":"product-type-simple"},"_links":{"self":[{"href":"https:\/\/www.esla.eu\/es\/wp-json\/wp\/v2\/product\/3627","targetHints":{"allow":["GET"]}}],"collection":[{"href":"https:\/\/www.esla.eu\/es\/wp-json\/wp\/v2\/product"}],"about":[{"href":"https:\/\/www.esla.eu\/es\/wp-json\/wp\/v2\/types\/product"}],"wp:featuredmedia":[{"embeddable":true,"href":"https:\/\/www.esla.eu\/es\/wp-json\/wp\/v2\/media\/3675"}],"wp:attachment":[{"href":"https:\/\/www.esla.eu\/es\/wp-json\/wp\/v2\/media?parent=3627"}],"wp:term":[{"taxonomy":"product_brand","embeddable":true,"href":"https:\/\/www.esla.eu\/es\/wp-json\/wp\/v2\/product_brand?post=3627"},{"taxonomy":"product_cat","embeddable":true,"href":"https:\/\/www.esla.eu\/es\/wp-json\/wp\/v2\/product_cat?post=3627"},{"taxonomy":"product_tag","embeddable":true,"href":"https:\/\/www.esla.eu\/es\/wp-json\/wp\/v2\/product_tag?post=3627"}],"curies":[{"name":"wp","href":"https:\/\/api.w.org\/{rel}","templated":true}]}}