{"id":3761,"date":"2024-03-18T11:49:57","date_gmt":"2024-03-18T10:49:57","guid":{"rendered":"https:\/\/esla.crealogica.eu\/?post_type=product&#038;p=3761"},"modified":"2024-03-18T11:51:06","modified_gmt":"2024-03-18T10:51:06","slug":"2001472-pasarela-con-doble-escalera-de-acceso","status":"publish","type":"product","link":"https:\/\/www.esla.eu\/es\/productos\/soluciones-especiales\/plataformas-fijas-y-pasarelas\/2001472-pasarela-con-doble-escalera-de-acceso\/","title":{"rendered":"2001472 &#8211; Pasarela con doble escalera de acceso"},"content":{"rendered":"<p>Pasarela en aluminio para mantenimiento<\/p>\n<p>&#8211; Acceso con doble escalera 60\u00b0<\/p>\n<p>&#8211; La pasarela est\u00e1 fijada a los dep\u00f3sitos<\/p>\n<p>&#8211; Instalaci\u00f3n realizada por nuestros montadores<\/p>\n","protected":false},"excerpt":{"rendered":"<p>Pasarela en aluminio para mantenimiento &#8211; Acceso con doble escalera 60\u00b0 &#8211; La pasarela est\u00e1 fijada a los dep\u00f3sitos &#8211; Instalaci\u00f3n realizada por nuestros montadores<\/p>\n","protected":false},"featured_media":3772,"template":"","meta":{"inline_featured_image":false},"product_brand":[],"product_cat":[51],"product_tag":[],"class_list":{"0":"post-3761","1":"product","2":"type-product","3":"status-publish","4":"has-post-thumbnail","6":"product_cat-plataformas-fijas-y-pasarelas","8":"first","9":"instock","10":"shipping-taxable","11":"product-type-simple"},"_links":{"self":[{"href":"https:\/\/www.esla.eu\/es\/wp-json\/wp\/v2\/product\/3761","targetHints":{"allow":["GET"]}}],"collection":[{"href":"https:\/\/www.esla.eu\/es\/wp-json\/wp\/v2\/product"}],"about":[{"href":"https:\/\/www.esla.eu\/es\/wp-json\/wp\/v2\/types\/product"}],"wp:featuredmedia":[{"embeddable":true,"href":"https:\/\/www.esla.eu\/es\/wp-json\/wp\/v2\/media\/3772"}],"wp:attachment":[{"href":"https:\/\/www.esla.eu\/es\/wp-json\/wp\/v2\/media?parent=3761"}],"wp:term":[{"taxonomy":"product_brand","embeddable":true,"href":"https:\/\/www.esla.eu\/es\/wp-json\/wp\/v2\/product_brand?post=3761"},{"taxonomy":"product_cat","embeddable":true,"href":"https:\/\/www.esla.eu\/es\/wp-json\/wp\/v2\/product_cat?post=3761"},{"taxonomy":"product_tag","embeddable":true,"href":"https:\/\/www.esla.eu\/es\/wp-json\/wp\/v2\/product_tag?post=3761"}],"curies":[{"name":"wp","href":"https:\/\/api.w.org\/{rel}","templated":true}]}}