{"id":3778,"date":"2024-03-18T11:54:40","date_gmt":"2024-03-18T10:54:40","guid":{"rendered":"https:\/\/esla.crealogica.eu\/?post_type=product&#038;p=3778"},"modified":"2024-03-18T11:54:41","modified_gmt":"2024-03-18T10:54:41","slug":"2001471-pasarela-con-escalera-vertical-de-acceso","status":"publish","type":"product","link":"https:\/\/www.esla.eu\/es\/productos\/soluciones-especiales\/plataformas-fijas-y-pasarelas\/2001471-pasarela-con-escalera-vertical-de-acceso\/","title":{"rendered":"2001471 &#8211; Pasarela con escalera vertical de acceso"},"content":{"rendered":"<p>Pasarela para mantenimiento de almac\u00e9n log\u00edstico<\/p>\n<p>&#8211; Acceso con escalera vertical<\/p>\n<p>&#8211; La pasarela est\u00e1 fijada a la estructura del almac\u00e9n<\/p>\n<p>&#8211; Instalaci\u00f3n realizada por nuestros montadores<\/p>\n","protected":false},"excerpt":{"rendered":"<p>Pasarela para mantenimiento de almac\u00e9n log\u00edstico &#8211; Acceso con escalera vertical &#8211; La pasarela est\u00e1 fijada a la estructura del almac\u00e9n &#8211; Instalaci\u00f3n realizada por nuestros montadores<\/p>\n","protected":false},"featured_media":3784,"template":"","meta":{"inline_featured_image":false},"product_brand":[],"product_cat":[51],"product_tag":[],"class_list":{"0":"post-3778","1":"product","2":"type-product","3":"status-publish","4":"has-post-thumbnail","6":"product_cat-plataformas-fijas-y-pasarelas","8":"first","9":"instock","10":"shipping-taxable","11":"product-type-simple"},"_links":{"self":[{"href":"https:\/\/www.esla.eu\/es\/wp-json\/wp\/v2\/product\/3778","targetHints":{"allow":["GET"]}}],"collection":[{"href":"https:\/\/www.esla.eu\/es\/wp-json\/wp\/v2\/product"}],"about":[{"href":"https:\/\/www.esla.eu\/es\/wp-json\/wp\/v2\/types\/product"}],"wp:featuredmedia":[{"embeddable":true,"href":"https:\/\/www.esla.eu\/es\/wp-json\/wp\/v2\/media\/3784"}],"wp:attachment":[{"href":"https:\/\/www.esla.eu\/es\/wp-json\/wp\/v2\/media?parent=3778"}],"wp:term":[{"taxonomy":"product_brand","embeddable":true,"href":"https:\/\/www.esla.eu\/es\/wp-json\/wp\/v2\/product_brand?post=3778"},{"taxonomy":"product_cat","embeddable":true,"href":"https:\/\/www.esla.eu\/es\/wp-json\/wp\/v2\/product_cat?post=3778"},{"taxonomy":"product_tag","embeddable":true,"href":"https:\/\/www.esla.eu\/es\/wp-json\/wp\/v2\/product_tag?post=3778"}],"curies":[{"name":"wp","href":"https:\/\/api.w.org\/{rel}","templated":true}]}}