{"id":3801,"date":"2024-03-18T11:57:50","date_gmt":"2024-03-18T10:57:50","guid":{"rendered":"https:\/\/esla.crealogica.eu\/?post_type=product&#038;p=3801"},"modified":"2024-03-18T11:57:51","modified_gmt":"2024-03-18T10:57:51","slug":"2001422-plataforma-fija-con-escala-vertical-de-acceso","status":"publish","type":"product","link":"https:\/\/www.esla.eu\/es\/productos\/soluciones-especiales\/plataformas-fijas-y-pasarelas\/2001422-plataforma-fija-con-escala-vertical-de-acceso\/","title":{"rendered":"2001422 &#8211; Plataforma fija con escala vertical de acceso"},"content":{"rendered":"<p>Plataforma fija con acceso vertical<\/p>\n<p>&#8211; \u00c1mplia plataforma 1830 x 2995 mm<\/p>\n<p>&#8211; Altura 3119 mm<\/p>\n<p>&#8211; La superf\u00edcies de la plataforma es de madera<\/p>\n<p>&#8211; Barandillas con distintas medidas para daptarse a la zona de trabajo, y rodapi\u00e9s en todo el per\u00edmetro<\/p>\n<p>&#8211; Escalera de acceso con aros de protecci\u00f3n.<\/p>\n<p>&#8211; Instalaci\u00f3n realizada por nuestros montadores<\/p>\n","protected":false},"excerpt":{"rendered":"<p>Plataforma fija con acceso vertical &#8211; \u00c1mplia plataforma 1830 x 2995 mm &#8211; Altura 3119 mm &#8211; La superf\u00edcies de la plataforma es de madera &#8211; Barandillas con distintas medidas para daptarse a la zona de trabajo, y rodapi\u00e9s en todo el per\u00edmetro &#8211; Escalera de acceso con aros de protecci\u00f3n. &#8211; Instalaci\u00f3n realizada por [&hellip;]<\/p>\n","protected":false},"featured_media":3852,"template":"","meta":{"inline_featured_image":false},"product_brand":[],"product_cat":[51],"product_tag":[],"class_list":{"0":"post-3801","1":"product","2":"type-product","3":"status-publish","4":"has-post-thumbnail","6":"product_cat-plataformas-fijas-y-pasarelas","8":"first","9":"instock","10":"shipping-taxable","11":"product-type-simple"},"_links":{"self":[{"href":"https:\/\/www.esla.eu\/es\/wp-json\/wp\/v2\/product\/3801","targetHints":{"allow":["GET"]}}],"collection":[{"href":"https:\/\/www.esla.eu\/es\/wp-json\/wp\/v2\/product"}],"about":[{"href":"https:\/\/www.esla.eu\/es\/wp-json\/wp\/v2\/types\/product"}],"wp:featuredmedia":[{"embeddable":true,"href":"https:\/\/www.esla.eu\/es\/wp-json\/wp\/v2\/media\/3852"}],"wp:attachment":[{"href":"https:\/\/www.esla.eu\/es\/wp-json\/wp\/v2\/media?parent=3801"}],"wp:term":[{"taxonomy":"product_brand","embeddable":true,"href":"https:\/\/www.esla.eu\/es\/wp-json\/wp\/v2\/product_brand?post=3801"},{"taxonomy":"product_cat","embeddable":true,"href":"https:\/\/www.esla.eu\/es\/wp-json\/wp\/v2\/product_cat?post=3801"},{"taxonomy":"product_tag","embeddable":true,"href":"https:\/\/www.esla.eu\/es\/wp-json\/wp\/v2\/product_tag?post=3801"}],"curies":[{"name":"wp","href":"https:\/\/api.w.org\/{rel}","templated":true}]}}