{"id":3926,"date":"2024-03-18T12:11:06","date_gmt":"2024-03-18T11:11:06","guid":{"rendered":"https:\/\/esla.crealogica.eu\/?post_type=product&#038;p=3926"},"modified":"2025-05-29T16:05:45","modified_gmt":"2025-05-29T14:05:45","slug":"71020-taburete-plegable-en14183","status":"publish","type":"product","link":"https:\/\/www.esla.eu\/es\/productos\/escaleras-portatiles\/71020-taburete-plegable-en14183\/","title":{"rendered":"71020 &#8211; Taburete plegable EN14183"},"content":{"rendered":"<p><strong>Caracter\u00edsticas a destacar<\/strong><\/p>\n<p>Altura m\u00e1xima de trabajo aproximada (mts): 2,34<\/p>\n<p>Inclinaci\u00f3n \u00b0: 68<\/p>\n<p>Pelda\u00f1o (mm): 80<\/p>\n<p>Separaci\u00f3n pelda\u00f1os (mm): 210<\/p>\n<p><strong>Otros detalles<\/strong><\/p>\n<p>Especialmente apropiada para el uso en almacenes o tareas de mantenimiento.<\/p>\n<p>Elevada estabilidad gracias a la uni\u00f3n soldada entre largueros y escalones.<\/p>\n<p>S\u00f3lida plataforma de material de fundici\u00f3n con superf\u00edcie de 400&#215;300 mm.<\/p>\n<p>Tornapunta r\u00edgido contra el cierre involuntario.<\/p>\n<p>Ocupa muy poco espacio a la hora de ser plegado.<\/p>\n","protected":false},"excerpt":{"rendered":"<p>Caracter\u00edsticas a destacar Altura m\u00e1xima de trabajo aproximada (mts): 2,34 Inclinaci\u00f3n \u00b0: 68 Pelda\u00f1o (mm): 80 Separaci\u00f3n pelda\u00f1os (mm): 210 Otros detalles Especialmente apropiada para el uso en almacenes o tareas de mantenimiento. Elevada estabilidad gracias a la uni\u00f3n soldada entre largueros y escalones. S\u00f3lida plataforma de material de fundici\u00f3n con superf\u00edcie de 400&#215;300 mm. [&hellip;]<\/p>\n","protected":false},"featured_media":3974,"template":"","meta":{"inline_featured_image":false},"product_brand":[],"product_cat":[43],"product_tag":[],"class_list":{"0":"post-3926","1":"product","2":"type-product","3":"status-publish","4":"has-post-thumbnail","6":"product_cat-escaleras-portatiles","8":"first","9":"instock","10":"shipping-taxable","11":"purchasable","12":"product-type-simple"},"_links":{"self":[{"href":"https:\/\/www.esla.eu\/es\/wp-json\/wp\/v2\/product\/3926","targetHints":{"allow":["GET"]}}],"collection":[{"href":"https:\/\/www.esla.eu\/es\/wp-json\/wp\/v2\/product"}],"about":[{"href":"https:\/\/www.esla.eu\/es\/wp-json\/wp\/v2\/types\/product"}],"wp:featuredmedia":[{"embeddable":true,"href":"https:\/\/www.esla.eu\/es\/wp-json\/wp\/v2\/media\/3974"}],"wp:attachment":[{"href":"https:\/\/www.esla.eu\/es\/wp-json\/wp\/v2\/media?parent=3926"}],"wp:term":[{"taxonomy":"product_brand","embeddable":true,"href":"https:\/\/www.esla.eu\/es\/wp-json\/wp\/v2\/product_brand?post=3926"},{"taxonomy":"product_cat","embeddable":true,"href":"https:\/\/www.esla.eu\/es\/wp-json\/wp\/v2\/product_cat?post=3926"},{"taxonomy":"product_tag","embeddable":true,"href":"https:\/\/www.esla.eu\/es\/wp-json\/wp\/v2\/product_tag?post=3926"}],"curies":[{"name":"wp","href":"https:\/\/api.w.org\/{rel}","templated":true}]}}