{"id":3989,"date":"2024-03-18T12:12:44","date_gmt":"2024-03-18T11:12:44","guid":{"rendered":"https:\/\/esla.crealogica.eu\/?post_type=product&#038;p=3989"},"modified":"2024-03-18T12:14:26","modified_gmt":"2024-03-18T11:14:26","slug":"2000000-sistema-modular-de-escaleras-verticales-para-acceso-a-silos","status":"publish","type":"product","link":"https:\/\/www.esla.eu\/es\/productos\/soluciones-especiales\/plataformas-fijas-y-pasarelas\/2000000-sistema-modular-de-escaleras-verticales-para-acceso-a-silos\/","title":{"rendered":"2000000 &#8211; Sistema modular de escaleras verticales para acceso a silos"},"content":{"rendered":"<h2>Descripci\u00f3n del proyecto<\/h2>\n<p>Desarrollo de un sistema modular de escaleras verticales en aluminio con aros (de gato) para fabricante de silos, dep\u00f3sitos y tanques.<\/p>\n<h2>Detalles<\/h2>\n<ul>\n<li>Producto normalizado para A 14122.<\/li>\n<li>Cada m\u00f3dulo incluye tramo de escalera, aros, barras protectoras, anclajes y conexiones, adem\u00e1s de toda la torniller\u00eda en inox necesaria.<\/li>\n<li>Existen 3 tipos de m\u00f3dulos, el de entrada, los intermedios y los de salida u observaci\u00f3n.<\/li>\n<\/ul>\n<h2>Necesidades del cliente<\/h2>\n<ol>\n<li><strong>Estandaritzaci\u00f3n<\/strong>.Dise\u00f1amos diferentes m\u00f3dulos que combinados entre s\u00ed permiten alcanzar todas las alturas de la gama de silos de nuestro cliente.<\/li>\n<li><strong>Precio<\/strong>. El cliente obtiene un precio para cada uno de los silos, lo que le permite poder integrar el coste en su tarifa de precios.<\/li>\n<li><strong>Servicio<\/strong>. Tenemos el producto en stock, por lo que al llegar el pedido s\u00f3lo preparamos todas las piezas de los diferentes m\u00f3dulos que componen el silo, y en 2 semanas sale el material. La ventaja es que el cliente cuando recibe el pedido puede enviarlo directamente a obra con su packing list y el plan de montaje.<\/li>\n<\/ol>\n","protected":false},"excerpt":{"rendered":"<p>Descripci\u00f3n del proyecto Desarrollo de un sistema modular de escaleras verticales en aluminio con aros (de gato) para fabricante de silos, dep\u00f3sitos y tanques. Detalles Producto normalizado para A 14122. Cada m\u00f3dulo incluye tramo de escalera, aros, barras protectoras, anclajes y conexiones, adem\u00e1s de toda la torniller\u00eda en inox necesaria. Existen 3 tipos de m\u00f3dulos, [&hellip;]<\/p>\n","protected":false},"featured_media":4005,"template":"","meta":{"inline_featured_image":false},"product_brand":[],"product_cat":[51],"product_tag":[],"class_list":{"0":"post-3989","1":"product","2":"type-product","3":"status-publish","4":"has-post-thumbnail","6":"product_cat-plataformas-fijas-y-pasarelas","8":"first","9":"instock","10":"shipping-taxable","11":"product-type-simple"},"_links":{"self":[{"href":"https:\/\/www.esla.eu\/es\/wp-json\/wp\/v2\/product\/3989","targetHints":{"allow":["GET"]}}],"collection":[{"href":"https:\/\/www.esla.eu\/es\/wp-json\/wp\/v2\/product"}],"about":[{"href":"https:\/\/www.esla.eu\/es\/wp-json\/wp\/v2\/types\/product"}],"wp:featuredmedia":[{"embeddable":true,"href":"https:\/\/www.esla.eu\/es\/wp-json\/wp\/v2\/media\/4005"}],"wp:attachment":[{"href":"https:\/\/www.esla.eu\/es\/wp-json\/wp\/v2\/media?parent=3989"}],"wp:term":[{"taxonomy":"product_brand","embeddable":true,"href":"https:\/\/www.esla.eu\/es\/wp-json\/wp\/v2\/product_brand?post=3989"},{"taxonomy":"product_cat","embeddable":true,"href":"https:\/\/www.esla.eu\/es\/wp-json\/wp\/v2\/product_cat?post=3989"},{"taxonomy":"product_tag","embeddable":true,"href":"https:\/\/www.esla.eu\/es\/wp-json\/wp\/v2\/product_tag?post=3989"}],"curies":[{"name":"wp","href":"https:\/\/api.w.org\/{rel}","templated":true}]}}