{"id":4010,"date":"2024-03-18T12:17:17","date_gmt":"2024-03-18T11:17:17","guid":{"rendered":"https:\/\/esla.crealogica.eu\/?post_type=product&#038;p=4010"},"modified":"2024-03-18T12:17:40","modified_gmt":"2024-03-18T11:17:40","slug":"2000000-pasarela-de-aluminio-con-plataformas-y-escaleras-de-acceso-a-maquina","status":"publish","type":"product","link":"https:\/\/www.esla.eu\/es\/productos\/soluciones-especiales\/plataformas-fijas-y-pasarelas\/2000000-pasarela-de-aluminio-con-plataformas-y-escaleras-de-acceso-a-maquina\/","title":{"rendered":"2000000 &#8211; Pasarela de aluminio con plataformas y escaleras de acceso a m\u00e1quina"},"content":{"rendered":"<h2>Descripci\u00f3n del proyecto<\/h2>\n<p>Pasarela de aluminio con escaleras de acceso y barandillas para mantenimiento m\u00e1quina.<\/p>\n<h2>Detalles<\/h2>\n<ul>\n<li>Barandilla modular en todo el per\u00edmetro externo para evitar riesgo de ca\u00eddas.<\/li>\n<li>Escalera m\u00f3vil de acceso para mantenimiento. Equipada con doble barandilla, 4 ruedas con doble estabilizador y cadenas de seguridad frontales.<\/li>\n<li>Taburete especial para acceso a cuadro de mandos.<\/li>\n<li>Escalera fija 60\u00b0 para acceso a altillo m\u00e1quina, con doble rellano y giro a la derecha.<\/li>\n<li>Escalera vertical con aros de protecci\u00f3n espaldar para acceder a la parte superior de la m\u00e1quina.<\/li>\n<\/ul>\n<h2>Necesidades del cliente<\/h2>\n<ol>\n<li><strong>Estandarizaci\u00f3n<\/strong>. El objetivo es atendiendo a las necesidades espec\u00edficas del cliente, convertir esta condici\u00f3n especial en un modelo de producci\u00f3n est\u00e1ndar referenciado.<\/li>\n<li><strong>Precio<\/strong>. Nuestro producto pasa a ser un consumible para el cliente, por lo que pasa a formar parte de su estructura de costes directos. Conjuntamente analizamos todas las posibilidades para conseguir un precio competitivo.<\/li>\n<li><strong>Servicio<\/strong>.El producto queda referenciado, pudiendo el cliente planificar su gesti\u00f3n de compra en los tiempos acordados.<\/li>\n<\/ol>\n","protected":false},"excerpt":{"rendered":"<p>Descripci\u00f3n del proyecto Pasarela de aluminio con escaleras de acceso y barandillas para mantenimiento m\u00e1quina. Detalles Barandilla modular en todo el per\u00edmetro externo para evitar riesgo de ca\u00eddas. Escalera m\u00f3vil de acceso para mantenimiento. Equipada con doble barandilla, 4 ruedas con doble estabilizador y cadenas de seguridad frontales. Taburete especial para acceso a cuadro de [&hellip;]<\/p>\n","protected":false},"featured_media":4037,"template":"","meta":{"inline_featured_image":false},"product_brand":[],"product_cat":[51],"product_tag":[],"class_list":{"0":"post-4010","1":"product","2":"type-product","3":"status-publish","4":"has-post-thumbnail","6":"product_cat-plataformas-fijas-y-pasarelas","8":"first","9":"instock","10":"shipping-taxable","11":"product-type-simple"},"_links":{"self":[{"href":"https:\/\/www.esla.eu\/es\/wp-json\/wp\/v2\/product\/4010","targetHints":{"allow":["GET"]}}],"collection":[{"href":"https:\/\/www.esla.eu\/es\/wp-json\/wp\/v2\/product"}],"about":[{"href":"https:\/\/www.esla.eu\/es\/wp-json\/wp\/v2\/types\/product"}],"wp:featuredmedia":[{"embeddable":true,"href":"https:\/\/www.esla.eu\/es\/wp-json\/wp\/v2\/media\/4037"}],"wp:attachment":[{"href":"https:\/\/www.esla.eu\/es\/wp-json\/wp\/v2\/media?parent=4010"}],"wp:term":[{"taxonomy":"product_brand","embeddable":true,"href":"https:\/\/www.esla.eu\/es\/wp-json\/wp\/v2\/product_brand?post=4010"},{"taxonomy":"product_cat","embeddable":true,"href":"https:\/\/www.esla.eu\/es\/wp-json\/wp\/v2\/product_cat?post=4010"},{"taxonomy":"product_tag","embeddable":true,"href":"https:\/\/www.esla.eu\/es\/wp-json\/wp\/v2\/product_tag?post=4010"}],"curies":[{"name":"wp","href":"https:\/\/api.w.org\/{rel}","templated":true}]}}