{"id":4047,"date":"2024-03-18T12:20:57","date_gmt":"2024-03-18T11:20:57","guid":{"rendered":"https:\/\/esla.crealogica.eu\/?post_type=product&#038;p=4047"},"modified":"2024-03-18T12:21:22","modified_gmt":"2024-03-18T11:21:22","slug":"2000000-escalera-de-aluminio-fija-de-acceso-con-plataforma-para-prensa","status":"publish","type":"product","link":"https:\/\/www.esla.eu\/es\/productos\/soluciones-especiales\/plataformas-fijas-y-pasarelas\/2000000-escalera-de-aluminio-fija-de-acceso-con-plataforma-para-prensa\/","title":{"rendered":"2000000 &#8211; Escalera de aluminio fija de acceso con plataforma para prensa"},"content":{"rendered":"<h2>Descripci\u00f3n del proyecto<\/h2>\n<p>Estandarizaci\u00f3n de una gama de escaleras de aluminio fijas de acceso para fabricantes de prensas hidr\u00e1ulicas, con el objetivo de poder realizar los trabajos de mantenimiento.<\/p>\n<h2>Detalles<\/h2>\n<ul>\n<li>Sistema modular.<\/li>\n<li>El tramo inicial es extensible, y se desliza hacia arriba. De esa forma no ocupa espacio cuando no se utiliza.<\/li>\n<\/ul>\n<h2>Necesidades del cliente<\/h2>\n<ol>\n<li><strong>Estandarizaci\u00f3n<\/strong>. Hemos dise\u00f1ado un sistema modular optimizado para cubrir alturas desde 2,5 a 8 metros hasta el desembarco.<\/li>\n<li><strong>Precios<\/strong>. Como en todos los procesos de industrializaci\u00f3n, al estandarizar el producto para su uso, nos permite ofrecer unos precios \u00f3ptimos, a\u00fan trat\u00e1ndose de un producto especial exclusivamente para ese sector.<\/li>\n<li><strong>Servicio<\/strong>. Al tener todos los componentes en stock, en un plazo de 2 semanas se puede enviar todo el material. Adem\u00e1s la codificaci\u00f3n de cada escalera permite al fabricante de prensas hacer el pedido de forma r\u00e1pida y eficaz.<\/li>\n<\/ol>\n","protected":false},"excerpt":{"rendered":"<p>Descripci\u00f3n del proyecto Estandarizaci\u00f3n de una gama de escaleras de aluminio fijas de acceso para fabricantes de prensas hidr\u00e1ulicas, con el objetivo de poder realizar los trabajos de mantenimiento. Detalles Sistema modular. El tramo inicial es extensible, y se desliza hacia arriba. De esa forma no ocupa espacio cuando no se utiliza. Necesidades del cliente [&hellip;]<\/p>\n","protected":false},"featured_media":4048,"template":"","meta":{"inline_featured_image":false},"product_brand":[],"product_cat":[51],"product_tag":[],"class_list":{"0":"post-4047","1":"product","2":"type-product","3":"status-publish","4":"has-post-thumbnail","6":"product_cat-plataformas-fijas-y-pasarelas","8":"first","9":"instock","10":"shipping-taxable","11":"product-type-simple"},"_links":{"self":[{"href":"https:\/\/www.esla.eu\/es\/wp-json\/wp\/v2\/product\/4047","targetHints":{"allow":["GET"]}}],"collection":[{"href":"https:\/\/www.esla.eu\/es\/wp-json\/wp\/v2\/product"}],"about":[{"href":"https:\/\/www.esla.eu\/es\/wp-json\/wp\/v2\/types\/product"}],"wp:featuredmedia":[{"embeddable":true,"href":"https:\/\/www.esla.eu\/es\/wp-json\/wp\/v2\/media\/4048"}],"wp:attachment":[{"href":"https:\/\/www.esla.eu\/es\/wp-json\/wp\/v2\/media?parent=4047"}],"wp:term":[{"taxonomy":"product_brand","embeddable":true,"href":"https:\/\/www.esla.eu\/es\/wp-json\/wp\/v2\/product_brand?post=4047"},{"taxonomy":"product_cat","embeddable":true,"href":"https:\/\/www.esla.eu\/es\/wp-json\/wp\/v2\/product_cat?post=4047"},{"taxonomy":"product_tag","embeddable":true,"href":"https:\/\/www.esla.eu\/es\/wp-json\/wp\/v2\/product_tag?post=4047"}],"curies":[{"name":"wp","href":"https:\/\/api.w.org\/{rel}","templated":true}]}}