{"id":4053,"date":"2024-03-18T12:25:43","date_gmt":"2024-03-18T11:25:43","guid":{"rendered":"https:\/\/esla.crealogica.eu\/?post_type=product&#038;p=4053"},"modified":"2024-03-18T12:25:44","modified_gmt":"2024-03-18T11:25:44","slug":"2010877-plataforma-en-aluminio-movil-regulable-en-altura","status":"publish","type":"product","link":"https:\/\/www.esla.eu\/es\/productos\/soluciones-especiales\/plataformas-regulables-y-remolcables\/2010877-plataforma-en-aluminio-movil-regulable-en-altura\/","title":{"rendered":"2010877 &#8211; Plataforma en aluminio m\u00f3vil regulable en altura"},"content":{"rendered":"<p>&#8211; Dise\u00f1ada para trabajar en el techo del cami\u00f3n para realizar labores de mantenimiento.<\/p>\n<p>&#8211; Cubre una regulaci\u00f3n de entre 2660 a 4100 mm. Se acciona de forma manual mediante una manivela y una cremallera.<\/p>\n<p>&#8211; Conjunto superior de barandillas que delimita un espacio de 2,100 x 2,200 mm para poder trabajar de forma segura. En los extremos encontramos unos soportes extensibles que permiten ajutarlo en el techo del cami\u00f3n.<\/p>\n<p>&#8211; Equipada con 4 ruedas giratorias para maniobrar sin problemas en espacios reducidos, y pies niveladores para mejorar la estabilidad en la posici\u00f3n de trabajo.<\/p>\n<p>&#8211; Plataforma superior para facilitar el desembarco. En su extremo tiene protecciones de goma para evitar golpear al veh\u00edculo.<\/p>\n","protected":false},"excerpt":{"rendered":"<p>&#8211; Dise\u00f1ada para trabajar en el techo del cami\u00f3n para realizar labores de mantenimiento. &#8211; Cubre una regulaci\u00f3n de entre 2660 a 4100 mm. Se acciona de forma manual mediante una manivela y una cremallera. &#8211; Conjunto superior de barandillas que delimita un espacio de 2,100 x 2,200 mm para poder trabajar de forma segura. [&hellip;]<\/p>\n","protected":false},"featured_media":4059,"template":"","meta":{"inline_featured_image":false},"product_brand":[],"product_cat":[52],"product_tag":[],"class_list":{"0":"post-4053","1":"product","2":"type-product","3":"status-publish","4":"has-post-thumbnail","6":"product_cat-plataformas-regulables-y-remolcables","8":"first","9":"instock","10":"shipping-taxable","11":"product-type-simple"},"_links":{"self":[{"href":"https:\/\/www.esla.eu\/es\/wp-json\/wp\/v2\/product\/4053","targetHints":{"allow":["GET"]}}],"collection":[{"href":"https:\/\/www.esla.eu\/es\/wp-json\/wp\/v2\/product"}],"about":[{"href":"https:\/\/www.esla.eu\/es\/wp-json\/wp\/v2\/types\/product"}],"wp:featuredmedia":[{"embeddable":true,"href":"https:\/\/www.esla.eu\/es\/wp-json\/wp\/v2\/media\/4059"}],"wp:attachment":[{"href":"https:\/\/www.esla.eu\/es\/wp-json\/wp\/v2\/media?parent=4053"}],"wp:term":[{"taxonomy":"product_brand","embeddable":true,"href":"https:\/\/www.esla.eu\/es\/wp-json\/wp\/v2\/product_brand?post=4053"},{"taxonomy":"product_cat","embeddable":true,"href":"https:\/\/www.esla.eu\/es\/wp-json\/wp\/v2\/product_cat?post=4053"},{"taxonomy":"product_tag","embeddable":true,"href":"https:\/\/www.esla.eu\/es\/wp-json\/wp\/v2\/product_tag?post=4053"}],"curies":[{"name":"wp","href":"https:\/\/api.w.org\/{rel}","templated":true}]}}