{"id":4066,"date":"2024-03-18T12:32:41","date_gmt":"2024-03-18T11:32:41","guid":{"rendered":"https:\/\/esla.crealogica.eu\/?post_type=product&#038;p=4066"},"modified":"2024-03-18T12:32:41","modified_gmt":"2024-03-18T11:32:41","slug":"2010611-plataforma-remolcable-de-doble-subida-equipada-con-los-complementos-para-el-suministro-de-combustible","status":"publish","type":"product","link":"https:\/\/www.esla.eu\/es\/productos\/soluciones-especiales\/plataformas-regulables-y-remolcables\/2010611-plataforma-remolcable-de-doble-subida-equipada-con-los-complementos-para-el-suministro-de-combustible\/","title":{"rendered":"2010611 &#8211; Plataforma remolcable de doble subida equipada con los complementos para el suministro de combustible"},"content":{"rendered":"<p>Esta plataforma incluye bastidor galvanizado, pies de goma, lanza de tiro, carrete de giro, cabezal, v\u00e1lvula cartero, manguera flexible, devanadora cable de masa, ruedas neum\u00e1ticas, tuber\u00eda r\u00edgida en Inox.<\/p>\n","protected":false},"excerpt":{"rendered":"<p>Esta plataforma incluye bastidor galvanizado, pies de goma, lanza de tiro, carrete de giro, cabezal, v\u00e1lvula cartero, manguera flexible, devanadora cable de masa, ruedas neum\u00e1ticas, tuber\u00eda r\u00edgida en Inox.<\/p>\n","protected":false},"featured_media":4075,"template":"","meta":{"inline_featured_image":false},"product_brand":[],"product_cat":[52],"product_tag":[],"class_list":{"0":"post-4066","1":"product","2":"type-product","3":"status-publish","4":"has-post-thumbnail","6":"product_cat-plataformas-regulables-y-remolcables","8":"first","9":"instock","10":"shipping-taxable","11":"product-type-simple"},"_links":{"self":[{"href":"https:\/\/www.esla.eu\/es\/wp-json\/wp\/v2\/product\/4066","targetHints":{"allow":["GET"]}}],"collection":[{"href":"https:\/\/www.esla.eu\/es\/wp-json\/wp\/v2\/product"}],"about":[{"href":"https:\/\/www.esla.eu\/es\/wp-json\/wp\/v2\/types\/product"}],"wp:featuredmedia":[{"embeddable":true,"href":"https:\/\/www.esla.eu\/es\/wp-json\/wp\/v2\/media\/4075"}],"wp:attachment":[{"href":"https:\/\/www.esla.eu\/es\/wp-json\/wp\/v2\/media?parent=4066"}],"wp:term":[{"taxonomy":"product_brand","embeddable":true,"href":"https:\/\/www.esla.eu\/es\/wp-json\/wp\/v2\/product_brand?post=4066"},{"taxonomy":"product_cat","embeddable":true,"href":"https:\/\/www.esla.eu\/es\/wp-json\/wp\/v2\/product_cat?post=4066"},{"taxonomy":"product_tag","embeddable":true,"href":"https:\/\/www.esla.eu\/es\/wp-json\/wp\/v2\/product_tag?post=4066"}],"curies":[{"name":"wp","href":"https:\/\/api.w.org\/{rel}","templated":true}]}}